{"id":62746,"date":"2025-02-17T13:26:10","date_gmt":"2025-02-17T13:26:10","guid":{"rendered":"https:\/\/mexpo.pl?post_type=product&#038;p=62746"},"modified":"2025-02-17T14:59:54","modified_gmt":"2025-02-17T14:59:54","slug":"valise-de-transport-tr-004","status":"publish","type":"product","link":"https:\/\/mexpo.eu\/fr\/produkt\/valise-de-transport-tr-004\/","title":{"rendered":"Valise de transport TR-004"},"content":{"rendered":"<p>Caja de transporte grande y f\u00e1cil de usar para 10 intercomunicadores, cargador a granel y accesorios. TR-004 est\u00e1 fabricado en aluminio y es una protecci\u00f3n muy s\u00f3lida y duradera para todos los elementos del sistema.<\/p>\n","protected":false},"excerpt":{"rendered":"<p>Caja de transporte grande y f\u00e1cil de usar para 10 intercomunicadores, cargador a granel y accesorios. <\/p>\n","protected":false},"featured_media":50302,"template":"","meta":{"_acf_changed":false},"product_brand":[],"product_cat":[5369],"product_tag":[],"class_list":{"0":"post-62746","1":"product","2":"type-product","3":"status-publish","4":"has-post-thumbnail","6":"product_cat-valises-et-boites-de-transport-pour-systemes-dintercoms","8":"first","9":"instock","10":"taxable","11":"shipping-taxable","12":"purchasable","13":"product-type-simple"},"acf":[],"_links":{"self":[{"href":"https:\/\/mexpo.eu\/fr\/wp-json\/wp\/v2\/product\/62746","targetHints":{"allow":["GET"]}}],"collection":[{"href":"https:\/\/mexpo.eu\/fr\/wp-json\/wp\/v2\/product"}],"about":[{"href":"https:\/\/mexpo.eu\/fr\/wp-json\/wp\/v2\/types\/product"}],"wp:featuredmedia":[{"embeddable":true,"href":"https:\/\/mexpo.eu\/fr\/wp-json\/wp\/v2\/media\/50302"}],"wp:attachment":[{"href":"https:\/\/mexpo.eu\/fr\/wp-json\/wp\/v2\/media?parent=62746"}],"wp:term":[{"taxonomy":"product_brand","embeddable":true,"href":"https:\/\/mexpo.eu\/fr\/wp-json\/wp\/v2\/product_brand?post=62746"},{"taxonomy":"product_cat","embeddable":true,"href":"https:\/\/mexpo.eu\/fr\/wp-json\/wp\/v2\/product_cat?post=62746"},{"taxonomy":"product_tag","embeddable":true,"href":"https:\/\/mexpo.eu\/fr\/wp-json\/wp\/v2\/product_tag?post=62746"}],"curies":[{"name":"wp","href":"https:\/\/api.w.org\/{rel}","templated":true}]}}