{"id":62718,"date":"2025-02-17T13:25:50","date_gmt":"2025-02-17T13:25:50","guid":{"rendered":"https:\/\/mexpo.pl?post_type=product&#038;p=62718"},"modified":"2025-02-17T14:59:39","modified_gmt":"2025-02-17T14:59:39","slug":"mallette-de-transport-ot-012","status":"publish","type":"product","link":"https:\/\/mexpo.eu\/fr\/produkt\/mallette-de-transport-ot-012\/","title":{"rendered":"Mallette de transport OT-012"},"content":{"rendered":"<p>Gr\u00e2ce \u00e0 cette bandouli\u00e8re \u00e9lastique, vous pouvez d\u00e9sormais transporter l&#8217;AXIWI compl\u00e8tement les mains libres et en toute s\u00e9curit\u00e9 avec vous. La bandouli\u00e8re maintient l&#8217;interphone en place. Gr\u00e2ce au mat\u00e9riau flexible, l&#8217;appareil reste fermement sur le bras sans pression. Le bracelet est \u00e9galement r\u00e9glable avec une bavure. La housse de protection prot\u00e8ge l&#8217;AXIWI de l&#8217;humidit\u00e9 et de la poussi\u00e8re.<\/p>\n","protected":false},"excerpt":{"rendered":"<p>Gr\u00e2ce \u00e0 cette bandouli\u00e8re \u00e9lastique, vous pouvez d\u00e9sormais transporter l&#8217;AXIWI compl\u00e8tement les mains libres et en toute s\u00e9curit\u00e9 avec vous. <\/p>\n","protected":false},"featured_media":50242,"template":"","meta":{"_acf_changed":false},"product_brand":[],"product_cat":[5406],"product_tag":[],"class_list":{"0":"post-62718","1":"product","2":"type-product","3":"status-publish","4":"has-post-thumbnail","6":"product_cat-accessoires-pour-systemes-dinterphone","8":"first","9":"instock","10":"taxable","11":"shipping-taxable","12":"purchasable","13":"product-type-simple"},"acf":[],"_links":{"self":[{"href":"https:\/\/mexpo.eu\/fr\/wp-json\/wp\/v2\/product\/62718","targetHints":{"allow":["GET"]}}],"collection":[{"href":"https:\/\/mexpo.eu\/fr\/wp-json\/wp\/v2\/product"}],"about":[{"href":"https:\/\/mexpo.eu\/fr\/wp-json\/wp\/v2\/types\/product"}],"wp:featuredmedia":[{"embeddable":true,"href":"https:\/\/mexpo.eu\/fr\/wp-json\/wp\/v2\/media\/50242"}],"wp:attachment":[{"href":"https:\/\/mexpo.eu\/fr\/wp-json\/wp\/v2\/media?parent=62718"}],"wp:term":[{"taxonomy":"product_brand","embeddable":true,"href":"https:\/\/mexpo.eu\/fr\/wp-json\/wp\/v2\/product_brand?post=62718"},{"taxonomy":"product_cat","embeddable":true,"href":"https:\/\/mexpo.eu\/fr\/wp-json\/wp\/v2\/product_cat?post=62718"},{"taxonomy":"product_tag","embeddable":true,"href":"https:\/\/mexpo.eu\/fr\/wp-json\/wp\/v2\/product_tag?post=62718"}],"curies":[{"name":"wp","href":"https:\/\/api.w.org\/{rel}","templated":true}]}}