{"id":62697,"date":"2025-02-17T13:25:30","date_gmt":"2025-02-17T13:25:30","guid":{"rendered":"https:\/\/mexpo.pl?post_type=product&#038;p=62697"},"modified":"2025-02-17T14:59:25","modified_gmt":"2025-02-17T14:59:25","slug":"cable-audio-ca-007","status":"publish","type":"product","link":"https:\/\/mexpo.eu\/fr\/produkt\/cable-audio-ca-007\/","title":{"rendered":"C\u00e2ble audio CA-007"},"content":{"rendered":"<p>Le c\u00e2ble audio CA-007 pour visioconf\u00e9rence est sp\u00e9cialement d\u00e9velopp\u00e9 pour proposer une visite &#8220;\u00e0 distance&#8221; de votre entreprise via Zoom ou Teams. De cette fa\u00e7on, vous pouvez impliquer de mani\u00e8re interactive des participants qui ne sont pas physiquement pr\u00e9sents lors de la visite. Connecteur jack 3,5 mm TRRS.<\/p>\n","protected":false},"excerpt":{"rendered":"<p>Le c\u00e2ble audio CA-007 pour visioconf\u00e9rence est sp\u00e9cialement d\u00e9velopp\u00e9 pour proposer une visite &#8220;\u00e0 distance&#8221; de votre entreprise via Zoom ou Teams. <\/p>\n","protected":false},"featured_media":50224,"template":"","meta":{"_acf_changed":false},"product_brand":[],"product_cat":[5406],"product_tag":[],"class_list":{"0":"post-62697","1":"product","2":"type-product","3":"status-publish","4":"has-post-thumbnail","6":"product_cat-accessoires-pour-systemes-dinterphone","8":"first","9":"instock","10":"taxable","11":"shipping-taxable","12":"purchasable","13":"product-type-simple"},"acf":[],"_links":{"self":[{"href":"https:\/\/mexpo.eu\/fr\/wp-json\/wp\/v2\/product\/62697","targetHints":{"allow":["GET"]}}],"collection":[{"href":"https:\/\/mexpo.eu\/fr\/wp-json\/wp\/v2\/product"}],"about":[{"href":"https:\/\/mexpo.eu\/fr\/wp-json\/wp\/v2\/types\/product"}],"wp:featuredmedia":[{"embeddable":true,"href":"https:\/\/mexpo.eu\/fr\/wp-json\/wp\/v2\/media\/50224"}],"wp:attachment":[{"href":"https:\/\/mexpo.eu\/fr\/wp-json\/wp\/v2\/media?parent=62697"}],"wp:term":[{"taxonomy":"product_brand","embeddable":true,"href":"https:\/\/mexpo.eu\/fr\/wp-json\/wp\/v2\/product_brand?post=62697"},{"taxonomy":"product_cat","embeddable":true,"href":"https:\/\/mexpo.eu\/fr\/wp-json\/wp\/v2\/product_cat?post=62697"},{"taxonomy":"product_tag","embeddable":true,"href":"https:\/\/mexpo.eu\/fr\/wp-json\/wp\/v2\/product_tag?post=62697"}],"curies":[{"name":"wp","href":"https:\/\/api.w.org\/{rel}","templated":true}]}}