{"id":62690,"date":"2025-02-17T13:25:29","date_gmt":"2025-02-17T13:25:29","guid":{"rendered":"https:\/\/mexpo.pl?post_type=product&#038;p=62690"},"modified":"2025-02-17T14:59:23","modified_gmt":"2025-02-17T14:59:23","slug":"antenne-dipole-maytel-da-01","status":"publish","type":"product","link":"https:\/\/mexpo.eu\/fr\/produkt\/antenne-dipole-maytel-da-01\/","title":{"rendered":"Antenne dipole Maytel DA-01"},"content":{"rendered":"<p>Antenne dip\u00f4le rempla\u00e7able augmentant la port\u00e9e d&#8217;\u00e9mission et de r\u00e9ception.<\/p>\n","protected":false},"excerpt":{"rendered":"<p>Antenne dip\u00f4le rempla\u00e7able augmentant la port\u00e9e d&#8217;\u00e9mission et de r\u00e9ception.<\/p>\n","protected":false},"featured_media":50218,"template":"","meta":{"_acf_changed":false},"product_brand":[],"product_cat":[5406],"product_tag":[],"class_list":{"0":"post-62690","1":"product","2":"type-product","3":"status-publish","4":"has-post-thumbnail","6":"product_cat-accessoires-pour-systemes-dinterphone","8":"first","9":"instock","10":"taxable","11":"shipping-taxable","12":"purchasable","13":"product-type-simple"},"acf":[],"_links":{"self":[{"href":"https:\/\/mexpo.eu\/fr\/wp-json\/wp\/v2\/product\/62690","targetHints":{"allow":["GET"]}}],"collection":[{"href":"https:\/\/mexpo.eu\/fr\/wp-json\/wp\/v2\/product"}],"about":[{"href":"https:\/\/mexpo.eu\/fr\/wp-json\/wp\/v2\/types\/product"}],"wp:featuredmedia":[{"embeddable":true,"href":"https:\/\/mexpo.eu\/fr\/wp-json\/wp\/v2\/media\/50218"}],"wp:attachment":[{"href":"https:\/\/mexpo.eu\/fr\/wp-json\/wp\/v2\/media?parent=62690"}],"wp:term":[{"taxonomy":"product_brand","embeddable":true,"href":"https:\/\/mexpo.eu\/fr\/wp-json\/wp\/v2\/product_brand?post=62690"},{"taxonomy":"product_cat","embeddable":true,"href":"https:\/\/mexpo.eu\/fr\/wp-json\/wp\/v2\/product_cat?post=62690"},{"taxonomy":"product_tag","embeddable":true,"href":"https:\/\/mexpo.eu\/fr\/wp-json\/wp\/v2\/product_tag?post=62690"}],"curies":[{"name":"wp","href":"https:\/\/api.w.org\/{rel}","templated":true}]}}