{"id":62627,"date":"2025-02-17T13:24:48","date_gmt":"2025-02-17T13:24:48","guid":{"rendered":"https:\/\/mexpo.pl?post_type=product&#038;p=62627"},"modified":"2025-02-17T14:58:42","modified_gmt":"2025-02-17T14:58:42","slug":"casque-mono-oreille-emc-307","status":"publish","type":"product","link":"https:\/\/mexpo.eu\/fr\/produkt\/casque-mono-oreille-emc-307\/","title":{"rendered":"Casque mono-oreille EMC-307"},"content":{"rendered":"<p>Un casque con\u00e7u pour les personnes travaillant dans la s\u00e9curit\u00e9, la gastronomie ou qui souhaitent communiquer sans \u00e9couteurs accrocheurs. La technologie unique du tube du combin\u00e9 signifie que le c\u00e2ble n&#8217;est \u00e9tir\u00e9 qu&#8217;\u00e0 la longueur appropri\u00e9e. L&#8217;ensemble est \u00e9quip\u00e9 d&#8217;un microphone Push-To-Talk (PTT).<\/p>\n","protected":false},"excerpt":{"rendered":"<p>Un casque con\u00e7u pour les personnes travaillant dans la s\u00e9curit\u00e9, la gastronomie ou qui souhaitent communiquer sans \u00e9couteurs accrocheurs. La technologie unique du tube du combin\u00e9 signifie que le c\u00e2ble n&#8217;est \u00e9tir\u00e9 qu&#8217;\u00e0 la longueur appropri\u00e9e. L&#8217;ensemble est \u00e9quip\u00e9 d&#8217;un microphone Push-To-Talk (PTT).<\/p>\n","protected":false},"featured_media":50145,"template":"","meta":{"_acf_changed":false},"product_brand":[],"product_cat":[5181],"product_tag":[],"class_list":{"0":"post-62627","1":"product","2":"type-product","3":"status-publish","4":"has-post-thumbnail","6":"product_cat-headsets-systemes-dinterphone","8":"first","9":"instock","10":"taxable","11":"shipping-taxable","12":"purchasable","13":"product-type-simple"},"acf":[],"_links":{"self":[{"href":"https:\/\/mexpo.eu\/fr\/wp-json\/wp\/v2\/product\/62627","targetHints":{"allow":["GET"]}}],"collection":[{"href":"https:\/\/mexpo.eu\/fr\/wp-json\/wp\/v2\/product"}],"about":[{"href":"https:\/\/mexpo.eu\/fr\/wp-json\/wp\/v2\/types\/product"}],"wp:featuredmedia":[{"embeddable":true,"href":"https:\/\/mexpo.eu\/fr\/wp-json\/wp\/v2\/media\/50145"}],"wp:attachment":[{"href":"https:\/\/mexpo.eu\/fr\/wp-json\/wp\/v2\/media?parent=62627"}],"wp:term":[{"taxonomy":"product_brand","embeddable":true,"href":"https:\/\/mexpo.eu\/fr\/wp-json\/wp\/v2\/product_brand?post=62627"},{"taxonomy":"product_cat","embeddable":true,"href":"https:\/\/mexpo.eu\/fr\/wp-json\/wp\/v2\/product_cat?post=62627"},{"taxonomy":"product_tag","embeddable":true,"href":"https:\/\/mexpo.eu\/fr\/wp-json\/wp\/v2\/product_tag?post=62627"}],"curies":[{"name":"wp","href":"https:\/\/api.w.org\/{rel}","templated":true}]}}