{"id":62613,"date":"2025-02-17T13:24:29","date_gmt":"2025-02-17T13:24:29","guid":{"rendered":"https:\/\/mexpo.pl?post_type=product&#038;p=62613"},"modified":"2025-02-17T14:58:34","modified_gmt":"2025-02-17T14:58:34","slug":"headset-jeu-micro-casque-lmr-181140","status":"publish","type":"product","link":"https:\/\/mexpo.eu\/fr\/produkt\/headset-jeu-micro-casque-lmr-181140\/","title":{"rendered":"Headset (jeu micro-casque) LMR-181140"},"content":{"rendered":"<p>Casque avec possibilit\u00e9 de connecter n&#8217;importe quel \u00e9couteur au microphone. Micro-cravate omnidirectionnel de haute qualit\u00e9 et prise casque st\u00e9r\u00e9o 3,5 mm (vous permet de connecter n&#8217;importe quel casque ou collier). Il dispose d&#8217;un contr\u00f4le du volume et d&#8217;une sourdine. L&#8217;ensemble comprend l&#8217;\u00e9couteur EM-101.<\/p>\n","protected":false},"excerpt":{"rendered":"<p>Casque avec possibilit\u00e9 de connecter n&#8217;importe quel \u00e9couteur au microphone. Micro-cravate omnidirectionnel de haute qualit\u00e9 et prise casque st\u00e9r\u00e9o 3,5 mm (vous permet de connecter n&#8217;importe quel casque ou collier). Il dispose d&#8217;un contr\u00f4le du volume et d&#8217;une sourdine. L&#8217;ensemble comprend l&#8217;\u00e9couteur EM-101.<\/p>\n","protected":false},"featured_media":50133,"template":"","meta":{"_acf_changed":false},"product_brand":[],"product_cat":[5181],"product_tag":[],"class_list":{"0":"post-62613","1":"product","2":"type-product","3":"status-publish","4":"has-post-thumbnail","6":"product_cat-headsets-systemes-dinterphone","8":"first","9":"instock","10":"taxable","11":"shipping-taxable","12":"purchasable","13":"product-type-simple"},"acf":[],"_links":{"self":[{"href":"https:\/\/mexpo.eu\/fr\/wp-json\/wp\/v2\/product\/62613","targetHints":{"allow":["GET"]}}],"collection":[{"href":"https:\/\/mexpo.eu\/fr\/wp-json\/wp\/v2\/product"}],"about":[{"href":"https:\/\/mexpo.eu\/fr\/wp-json\/wp\/v2\/types\/product"}],"wp:featuredmedia":[{"embeddable":true,"href":"https:\/\/mexpo.eu\/fr\/wp-json\/wp\/v2\/media\/50133"}],"wp:attachment":[{"href":"https:\/\/mexpo.eu\/fr\/wp-json\/wp\/v2\/media?parent=62613"}],"wp:term":[{"taxonomy":"product_brand","embeddable":true,"href":"https:\/\/mexpo.eu\/fr\/wp-json\/wp\/v2\/product_brand?post=62613"},{"taxonomy":"product_cat","embeddable":true,"href":"https:\/\/mexpo.eu\/fr\/wp-json\/wp\/v2\/product_cat?post=62613"},{"taxonomy":"product_tag","embeddable":true,"href":"https:\/\/mexpo.eu\/fr\/wp-json\/wp\/v2\/product_tag?post=62613"}],"curies":[{"name":"wp","href":"https:\/\/api.w.org\/{rel}","templated":true}]}}