{"id":62599,"date":"2025-02-17T13:24:27","date_gmt":"2025-02-17T13:24:27","guid":{"rendered":"https:\/\/mexpo.pl?post_type=product&#038;p=62599"},"modified":"2025-04-04T10:40:14","modified_gmt":"2025-04-04T10:40:14","slug":"oreillette-em-202-10-pc","status":"publish","type":"product","link":"https:\/\/mexpo.eu\/fr\/produkt\/oreillette-em-202-10-pc\/","title":{"rendered":"Oreillette EM-202 (paquet de 10 pi\u00e8ces)"},"content":{"rendered":"<p>Casque st\u00e9r\u00e9o serre-t\u00eate r\u00e9glable avec des mousses hygi\u00e9niques, jetables.<\/p>\n","protected":false},"excerpt":{"rendered":"<p>Casque st\u00e9r\u00e9o serre-t\u00eate r\u00e9glable avec des mousses hygi\u00e9niques, jetables. Les \u00e9couteurs sont neufs et non utilis\u00e9s.<\/p>\n","protected":false},"featured_media":50123,"template":"","meta":{"_acf_changed":false},"product_brand":[],"product_cat":[5927],"product_tag":[],"class_list":{"0":"post-62599","1":"product","2":"type-product","3":"status-publish","4":"has-post-thumbnail","6":"product_cat-outlet-fr","8":"first","9":"instock","10":"taxable","11":"shipping-taxable","12":"purchasable","13":"product-type-simple"},"acf":[],"_links":{"self":[{"href":"https:\/\/mexpo.eu\/fr\/wp-json\/wp\/v2\/product\/62599","targetHints":{"allow":["GET"]}}],"collection":[{"href":"https:\/\/mexpo.eu\/fr\/wp-json\/wp\/v2\/product"}],"about":[{"href":"https:\/\/mexpo.eu\/fr\/wp-json\/wp\/v2\/types\/product"}],"wp:featuredmedia":[{"embeddable":true,"href":"https:\/\/mexpo.eu\/fr\/wp-json\/wp\/v2\/media\/50123"}],"wp:attachment":[{"href":"https:\/\/mexpo.eu\/fr\/wp-json\/wp\/v2\/media?parent=62599"}],"wp:term":[{"taxonomy":"product_brand","embeddable":true,"href":"https:\/\/mexpo.eu\/fr\/wp-json\/wp\/v2\/product_brand?post=62599"},{"taxonomy":"product_cat","embeddable":true,"href":"https:\/\/mexpo.eu\/fr\/wp-json\/wp\/v2\/product_cat?post=62599"},{"taxonomy":"product_tag","embeddable":true,"href":"https:\/\/mexpo.eu\/fr\/wp-json\/wp\/v2\/product_tag?post=62599"}],"curies":[{"name":"wp","href":"https:\/\/api.w.org\/{rel}","templated":true}]}}