{"id":62557,"date":"2025-02-17T13:23:50","date_gmt":"2025-02-17T13:23:50","guid":{"rendered":"https:\/\/mexpo.pl?post_type=product&#038;p=62557"},"modified":"2025-02-17T14:58:02","modified_gmt":"2025-02-17T14:58:02","slug":"microphone-lm-15","status":"publish","type":"product","link":"https:\/\/mexpo.eu\/fr\/produkt\/microphone-lm-15\/","title":{"rendered":"Microphone LM-15"},"content":{"rendered":"<p>Micro-cravate avec entr\u00e9e 3,5 mm AUX IN avec possibilit\u00e9 de connecter une source audio externe. Le microphone dispose d&#8217;un contr\u00f4le du volume \u00e0 deux niveaux et d&#8217;une option de sourdine.<\/p>\n","protected":false},"excerpt":{"rendered":"<p>Micro-cravate avec entr\u00e9e 3,5 mm AUX IN avec possibilit\u00e9 de connecter une source audio externe. Le microphone dispose d&#8217;un contr\u00f4le du volume \u00e0 deux niveaux et d&#8217;une option de sourdine.<\/p>\n","protected":false},"featured_media":50079,"template":"","meta":{"_acf_changed":false},"product_brand":[],"product_cat":[5182],"product_tag":[],"class_list":{"0":"post-62557","1":"product","2":"type-product","3":"status-publish","4":"has-post-thumbnail","6":"product_cat-microphones-systemes-tour-guide","8":"first","9":"instock","10":"taxable","11":"shipping-taxable","12":"purchasable","13":"product-type-simple"},"acf":[],"_links":{"self":[{"href":"https:\/\/mexpo.eu\/fr\/wp-json\/wp\/v2\/product\/62557","targetHints":{"allow":["GET"]}}],"collection":[{"href":"https:\/\/mexpo.eu\/fr\/wp-json\/wp\/v2\/product"}],"about":[{"href":"https:\/\/mexpo.eu\/fr\/wp-json\/wp\/v2\/types\/product"}],"wp:featuredmedia":[{"embeddable":true,"href":"https:\/\/mexpo.eu\/fr\/wp-json\/wp\/v2\/media\/50079"}],"wp:attachment":[{"href":"https:\/\/mexpo.eu\/fr\/wp-json\/wp\/v2\/media?parent=62557"}],"wp:term":[{"taxonomy":"product_brand","embeddable":true,"href":"https:\/\/mexpo.eu\/fr\/wp-json\/wp\/v2\/product_brand?post=62557"},{"taxonomy":"product_cat","embeddable":true,"href":"https:\/\/mexpo.eu\/fr\/wp-json\/wp\/v2\/product_cat?post=62557"},{"taxonomy":"product_tag","embeddable":true,"href":"https:\/\/mexpo.eu\/fr\/wp-json\/wp\/v2\/product_tag?post=62557"}],"curies":[{"name":"wp","href":"https:\/\/api.w.org\/{rel}","templated":true}]}}