{"id":62459,"date":"2025-02-17T13:22:46","date_gmt":"2025-02-17T13:22:46","guid":{"rendered":"https:\/\/mexpo.pl?post_type=product&#038;p=62459"},"modified":"2025-02-17T14:57:37","modified_gmt":"2025-02-17T14:57:37","slug":"emetteur-de-poche-ultraleger-beltpack-micro-cravate-okayo-dl-8t","status":"publish","type":"product","link":"https:\/\/mexpo.eu\/fr\/produkt\/emetteur-de-poche-ultraleger-beltpack-micro-cravate-okayo-dl-8t\/","title":{"rendered":"\u00c9metteur de poche ultral\u00e9ger \/ beltpack \/ micro-cravate Okayo DL-8T"},"content":{"rendered":"<p>La p\u00e9riode de garantie est de 3 ans.<br \/>\nNous vous offrons une assistance technique compl\u00e8te, des mises \u00e0 jour et un service du syst\u00e8me m\u00eame apr\u00e8s l&#8217;expiration de la p\u00e9riode de garantie.<\/p>\n<p>Veuillez noter que ce produit n&#8217;est pas un ensemble audio complet, mais seulement un \u00e9metteur suppl\u00e9mentaire!<\/p>\n<p>Le mod\u00e8le Okayo DL-8T est peut-\u00eatre le plus petit et le plus l\u00e9ger micro-cravate\/\u00e9metteur bodypack disponible sur le march\u00e9. Ses dimensions sans l&#8217;antenne sont de 44 x 81 x 15 mm et le poids n&#8217;est que de 55 g!<\/p>\n<p>C&#8217;est un \u00e9metteur de poche UHF multi-fr\u00e9quences en modulation num\u00e9rique 4 GFSK de la marque ta\u00efwanaise Okayo Electronics. Il convient aux microphones serre-t\u00eate ou micro-cravate avec un connecteur mini-jack mono universel de 3,5 mm. Il permet de s\u00e9lectionner 42 canaux en deux fr\u00e9quences dans la bande des 800 MHz.<\/p>\n<p>Bodypack DL-8T est compatible avec le r\u00e9cepteur Okayo SRX-800 (2 \u00e9metteurs peuvent \u00eatre connect\u00e9s \u00e0 1 r\u00e9cepteur).<\/p>\n<p>Le syst\u00e8me Okayo DL-8T est une excellente entr\u00e9e dans le monde de la transmission audio sans fil.<br \/>\nPourquoi choisir ce syst\u00e8me?<br \/>\nLe syst\u00e8me DL-8T transmet dans la bande num\u00e9rique 823 MHz ~ 832 MHz et 863 MHz ~ 865 MHz. Ces deux bandes sont \u00e9loign\u00e9es des bandes utilis\u00e9es par les microphones et les syst\u00e8mes Wi-Fi populaires. Le r\u00e9sultat est un syst\u00e8me de microphone s\u00fbr, libres d&#8217;interf\u00e9rences et de gr\u00e9sillements qui affectent souvent les syst\u00e8mes sans fil UHF standard.<\/p>\n<p>L&#8217;ensemble contient:<br \/>\n&#8211; \u00e9metteur sans fil DL-8T<br \/>\n&#8211; microphone de cravate LM-50A<br \/>\n&#8211; c\u00e2ble de charge USB-C<br \/>\n&#8211; cordon tour de cou<\/p>\n<p>Caract\u00e9ristiques de l&#8217;\u00e9metteur Okayo DL-8T:<br \/>\n&#8211; petit et tr\u00e8s l\u00e9ger: il ne p\u00e8se que 55 g!<br \/>\n&#8211; deux bandes de fr\u00e9quences UHF combin\u00e9es 823 MHz ~ 832 MHz et 863 MHz ~ 865 MHz, 42 canaux radio au choix<br \/>\n&#8211; batterie rechargeable int\u00e9gr\u00e9e assure une transmission stable du signal<br \/>\n&#8211; plus de 20 heures de fonctionnement continu<br \/>\n&#8211; 2 \u00e0 4 heures de charge via le port USB-C<br \/>\n&#8211; mini-jack universel de 3,5 mm<\/p>\n<p>Sp\u00e9cification technique Okayo DL-8T:<br \/>\nBande de fr\u00e9quences : 823 ~ 832 MHz &amp; 863~ 865 MHz<br \/>\nNombre de canaux: 42<br \/>\nModulation: 4 GFSK<br \/>\nT.H.D. pour 1 kHz (distorsion harmonique totale): &lt; 1,5 % \u00c9chantillonnage audio: 24 kHz Gamme dynamique: &gt;80 dB<br \/>\nR\u00e9ponse en fr\u00e9quence: 100 ~ 10000 Hz<br \/>\nLatence &lt;11 ms<br \/>\nIntensit\u00e9 de sortie du signal: 10 mW \/ 20 mW<br \/>\n\u00c9cran LCD: 0,66\u201d TN<br \/>\nPrise microphone: jack 3,5 mm TS<br \/>\nType de connecteur de charge: USB-C \/ 800 mA<br \/>\nAlimentation: Batterie Li-Poly 3,7 V \/ 1300 mAh<br \/>\nDur\u00e9e de fonctionnement: jusqu&#8217;\u00e0 25 heures<br \/>\nPort\u00e9e de transmission: Hi: 70+ m\u00e8tres \/ Lo: 50+ m\u00e8tres<br \/>\nPlage de temp\u00e9rature de fonctionnement: -10\u00b0C ~ 60\u00b0C<br \/>\nDimensions (W x D x H): 44 x 81 x 15 mm (sans antenne)<br \/>\nPoids: 55 g<\/p>\n","protected":false},"excerpt":{"rendered":"<p>\u00c9metteur de poche pour ensembles de microphones sans fil Okayo SRX-800. Ce produit est un \u00e9metteur suppl\u00e9mentaire et  n\u00e9cessite le r\u00e9cepteur de bureau SRX-800 pour fonctionner.<\/p>\n","protected":false},"featured_media":50004,"template":"","meta":{"_acf_changed":false},"product_brand":[],"product_cat":[5397],"product_tag":[],"class_list":{"0":"post-62459","1":"product","2":"type-product","3":"status-publish","4":"has-post-thumbnail","6":"product_cat-kits-de-microphones-sans-fil-kits-de-microphones-sans-fil","8":"first","9":"instock","10":"taxable","11":"shipping-taxable","12":"purchasable","13":"product-type-simple"},"acf":[],"_links":{"self":[{"href":"https:\/\/mexpo.eu\/fr\/wp-json\/wp\/v2\/product\/62459","targetHints":{"allow":["GET"]}}],"collection":[{"href":"https:\/\/mexpo.eu\/fr\/wp-json\/wp\/v2\/product"}],"about":[{"href":"https:\/\/mexpo.eu\/fr\/wp-json\/wp\/v2\/types\/product"}],"wp:featuredmedia":[{"embeddable":true,"href":"https:\/\/mexpo.eu\/fr\/wp-json\/wp\/v2\/media\/50004"}],"wp:attachment":[{"href":"https:\/\/mexpo.eu\/fr\/wp-json\/wp\/v2\/media?parent=62459"}],"wp:term":[{"taxonomy":"product_brand","embeddable":true,"href":"https:\/\/mexpo.eu\/fr\/wp-json\/wp\/v2\/product_brand?post=62459"},{"taxonomy":"product_cat","embeddable":true,"href":"https:\/\/mexpo.eu\/fr\/wp-json\/wp\/v2\/product_cat?post=62459"},{"taxonomy":"product_tag","embeddable":true,"href":"https:\/\/mexpo.eu\/fr\/wp-json\/wp\/v2\/product_tag?post=62459"}],"curies":[{"name":"wp","href":"https:\/\/api.w.org\/{rel}","templated":true}]}}