{"id":62451,"date":"2025-02-17T13:22:43","date_gmt":"2025-02-17T13:22:43","guid":{"rendered":"https:\/\/mexpo.pl?post_type=product&#038;p=62451"},"modified":"2025-02-17T14:57:34","modified_gmt":"2025-02-17T14:57:34","slug":"microphone-a-main-sans-fil-emetteur-okayo-dl-8h","status":"publish","type":"product","link":"https:\/\/mexpo.eu\/fr\/produkt\/microphone-a-main-sans-fil-emetteur-okayo-dl-8h\/","title":{"rendered":"Microphone \u00e0 main sans fil \/ \u00e9metteur Okayo DL-8H"},"content":{"rendered":"<p>La p\u00e9riode de garantie est de 3 ans.<br \/>\nNous vous offrons une assistance technique compl\u00e8te, des mises \u00e0 jour et un service du syst\u00e8me m\u00eame apr\u00e8s l&#8217;expiration de la p\u00e9riode de garantie.<\/p>\n<p>Veuillez noter que ce produit n&#8217;est pas un ensemble audio complet, mais seulement un \u00e9metteur suppl\u00e9mentaire!<\/p>\n<p>\u00c9metteur sans fil portable avec microphone \u00e0 condensateur. Okayo DL-8H offre un fonctionnement sans fil stable de qualit\u00e9 professionnelle dans la bande 800 MHz, il est facile \u00e0 utiliser et \u00e0 prix abordable. Il est dot\u00e9 d&#8217;un \u00e9cran LCD facile \u00e0 lire, d&#8217;une fonction de synchronisation automatique avec le r\u00e9cepteur et d&#8217;un bo\u00eetier en plastique l\u00e9ger.<br \/>\nGr\u00e2ce \u00e0 sa capsule cardio\u00efde et \u00e0 sa caract\u00e9ristique unidirectionnelle, il isole efficacement les bruits ambiants ind\u00e9sirables, notamment les bruits de fond (par exemple, le bruit de la rue ou des endroits bond\u00e9s). Il est id\u00e9al pour les interviews, les spectacles en direct, les pr\u00e9sentations et bien d&#8217;autres situations.<br \/>\nLe microphone DL-8H est compatible avec le r\u00e9cepteur Okayo SRX-800 (2 \u00e9metteurs peuvent \u00eatre connect\u00e9s \u00e0 1 r\u00e9cepteur).<br \/>\nLe syst\u00e8me Okayo DL-8H est une excellente entr\u00e9e dans le monde de la transmission audio sans fil.<br \/>\nPourquoi choisir ce syst\u00e8me?<br \/>\nLe syst\u00e8me DL-8H transmet dans la bande num\u00e9rique 823 MHz ~ 832 MHz et 863 MHz ~ 865 MHz. Ces deux bandes sont \u00e9loign\u00e9es des bandes utilis\u00e9es par les microphones et les syst\u00e8mes sans fil populaires. Le r\u00e9sultat est un syst\u00e8me de microphone s\u00fbr, libres d&#8217;interf\u00e9rences et de gr\u00e9sillements qui affectent souvent les syst\u00e8mes sans fil UHF standard.<\/p>\n<p>L&#8217;ensemble contient:<br \/>\n&#8211; microphone sans fil DL-8H<br \/>\n&#8211; jeu de piles alcalines<\/p>\n<p>Caract\u00e9ristiques du microphone sans fil DL-8H:<br \/>\n&#8211; 42 canaux radio dans les bandes de fr\u00e9quence 823 MHz ~ 832 MHz + 863 MHz ~ 865 MHz<br \/>\n&#8211; capsule de condenseur int\u00e9gr\u00e9e et prot\u00e9g\u00e9e par maille mesh<br \/>\n&#8211; \u00e9cran LCD r\u00e9tro-\u00e9clair\u00e9<br \/>\n&#8211; synchronisation automatique avec le r\u00e9cepteur<br \/>\n&#8211; aliment\u00e9 par des piles alcalines AA ou des piles rechargeables AA Ni-MH (chargeur fixe d\u00e9di\u00e9 HDC-502 disponible)<br \/>\n&#8211; 2 modes de microphone disponibles (Push-To-Bolt et Push-To-Talk)<br \/>\n&#8211; extr\u00eamement l\u00e9ger et confortable<br \/>\n&#8211; design professionnel<\/p>\n<p>Sp\u00e9cification technique Okayo DL-8H:<br \/>\nType de micro: condensateur<br \/>\nType de capsule: cardio\u00efde<br \/>\nCaract\u00e9ristique directionnelle: unidirectionnelle<br \/>\nBande de fr\u00e9quences: 823 ~ 832 MHz &amp; 863~ 865 MHz<br \/>\nNombre de canaux: 42<br \/>\nModulation: 4 GFSK<br \/>\nT.H.D. pour 1 kHz (distorsion harmonique totale): &lt; 1,5 % Rapport signal sur bruit: &gt;75 dB<br \/>\nR\u00e9ponse en fr\u00e9quence: 130 ~ 7000 Hz<br \/>\nIntensit\u00e9 de sortie du signal: 10 mW \/ 20 mW<br \/>\nAlimentation: 2 x AA<br \/>\nDur\u00e9e de fonctionnement: plus 13 heures<br \/>\nPort\u00e9e de transmission: Hi: 70+ m\u00e8tres \/ Lo: 50+ m\u00e8tres<br \/>\nPlage de temp\u00e9rature de fonctionnement: -10\u00b0C ~ 60\u00b0C<br \/>\nDimensions (D x H): 37 x 200 mm<br \/>\nPoids (sans piles): 90\u00b15 g<\/p>\n","protected":false},"excerpt":{"rendered":"<p>Microphone \u00e0 main sans fil pour syst\u00e8mes Okayo SRX-800 Ce produit est un microphone suppl\u00e9mentaire et  n\u00e9cessite le r\u00e9cepteur de bureau SRX-800 pour fonctionner.<\/p>\n","protected":false},"featured_media":49986,"template":"","meta":{"_acf_changed":false},"product_brand":[],"product_cat":[5397],"product_tag":[],"class_list":{"0":"post-62451","1":"product","2":"type-product","3":"status-publish","4":"has-post-thumbnail","6":"product_cat-kits-de-microphones-sans-fil-kits-de-microphones-sans-fil","8":"first","9":"instock","10":"taxable","11":"shipping-taxable","12":"purchasable","13":"product-type-simple"},"acf":[],"_links":{"self":[{"href":"https:\/\/mexpo.eu\/fr\/wp-json\/wp\/v2\/product\/62451","targetHints":{"allow":["GET"]}}],"collection":[{"href":"https:\/\/mexpo.eu\/fr\/wp-json\/wp\/v2\/product"}],"about":[{"href":"https:\/\/mexpo.eu\/fr\/wp-json\/wp\/v2\/types\/product"}],"wp:featuredmedia":[{"embeddable":true,"href":"https:\/\/mexpo.eu\/fr\/wp-json\/wp\/v2\/media\/49986"}],"wp:attachment":[{"href":"https:\/\/mexpo.eu\/fr\/wp-json\/wp\/v2\/media?parent=62451"}],"wp:term":[{"taxonomy":"product_brand","embeddable":true,"href":"https:\/\/mexpo.eu\/fr\/wp-json\/wp\/v2\/product_brand?post=62451"},{"taxonomy":"product_cat","embeddable":true,"href":"https:\/\/mexpo.eu\/fr\/wp-json\/wp\/v2\/product_cat?post=62451"},{"taxonomy":"product_tag","embeddable":true,"href":"https:\/\/mexpo.eu\/fr\/wp-json\/wp\/v2\/product_tag?post=62451"}],"curies":[{"name":"wp","href":"https:\/\/api.w.org\/{rel}","templated":true}]}}