{"id":62415,"date":"2025-02-17T13:22:08","date_gmt":"2025-02-17T13:22:08","guid":{"rendered":"https:\/\/mexpo.pl?post_type=product&#038;p=62415"},"modified":"2025-02-17T14:57:11","modified_gmt":"2025-02-17T14:57:11","slug":"universels-coussins-doreille-remplacables-ugm","status":"publish","type":"product","link":"https:\/\/mexpo.eu\/fr\/produkt\/universels-coussins-doreille-remplacables-ugm\/","title":{"rendered":"Universels coussins d&#8217;oreille rempla\u00e7ables UGM"},"content":{"rendered":"<p>Fabriqu\u00e9 en caoutchouc souple qui ne provoque pas d&#8217;irritation de l&#8217;oreille. D\u00e9di\u00e9 aux \u00e9couteurs EM-100 et aux casques EMC-100, HEM-30.<\/p>\n","protected":false},"excerpt":{"rendered":"<p>Fabriqu\u00e9 en caoutchouc souple qui ne provoque pas d&#8217;irritation de l&#8217;oreille. D\u00e9di\u00e9 aux \u00e9couteurs EM-100 et aux casques EMC-100, HEM-30.<\/p>\n","protected":false},"featured_media":49821,"template":"","meta":{"_acf_changed":false},"product_brand":[],"product_cat":[5185],"product_tag":[],"class_list":{"0":"post-62415","1":"product","2":"type-product","3":"status-publish","4":"has-post-thumbnail","6":"product_cat-hygiene-fr","8":"first","9":"instock","10":"taxable","11":"shipping-taxable","12":"purchasable","13":"product-type-variable"},"acf":[],"_links":{"self":[{"href":"https:\/\/mexpo.eu\/fr\/wp-json\/wp\/v2\/product\/62415","targetHints":{"allow":["GET"]}}],"collection":[{"href":"https:\/\/mexpo.eu\/fr\/wp-json\/wp\/v2\/product"}],"about":[{"href":"https:\/\/mexpo.eu\/fr\/wp-json\/wp\/v2\/types\/product"}],"wp:featuredmedia":[{"embeddable":true,"href":"https:\/\/mexpo.eu\/fr\/wp-json\/wp\/v2\/media\/49821"}],"wp:attachment":[{"href":"https:\/\/mexpo.eu\/fr\/wp-json\/wp\/v2\/media?parent=62415"}],"wp:term":[{"taxonomy":"product_brand","embeddable":true,"href":"https:\/\/mexpo.eu\/fr\/wp-json\/wp\/v2\/product_brand?post=62415"},{"taxonomy":"product_cat","embeddable":true,"href":"https:\/\/mexpo.eu\/fr\/wp-json\/wp\/v2\/product_cat?post=62415"},{"taxonomy":"product_tag","embeddable":true,"href":"https:\/\/mexpo.eu\/fr\/wp-json\/wp\/v2\/product_tag?post=62415"}],"curies":[{"name":"wp","href":"https:\/\/api.w.org\/{rel}","templated":true}]}}