{"id":62393,"date":"2025-02-17T13:22:06","date_gmt":"2025-02-17T13:22:06","guid":{"rendered":"https:\/\/mexpo.pl?post_type=product&#038;p=62393"},"modified":"2025-02-17T14:57:03","modified_gmt":"2025-02-17T14:57:03","slug":"pare-brise-en-mousse-dorigine-pour-microphones-series-lm-et-hm-gm-02-5-pc","status":"publish","type":"product","link":"https:\/\/mexpo.eu\/fr\/produkt\/pare-brise-en-mousse-dorigine-pour-microphones-series-lm-et-hm-gm-02-5-pc\/","title":{"rendered":"Pare-brise en mousse d&#8217;origine pour microphones s\u00e9ries LM et HM GM-02 (5 pc.)"},"content":{"rendered":"<p>Il r\u00e9duit les bruits ind\u00e9sirables et les bruits capt\u00e9s par le microphone, tels que les rafales de vent. il prot\u00e8ge contre les contaminants tels que la salive et la poussi\u00e8re. Supprime les bruits respiratoires ind\u00e9sirables et les sons explosifs (en l&#8217;air comme &#8220;P&#8221; et &#8220;B&#8221;). <\/p>\n","protected":false},"excerpt":{"rendered":"<p>Il r\u00e9duit les bruits ind\u00e9sirables et les bruits capt\u00e9s par le microphone, tels que les rafales de vent. il prot\u00e8ge contre les contaminants tels que la salive et la poussi\u00e8re. Supprime les bruits respiratoires ind\u00e9sirables et les sons explosifs (en l&#8217;air comme &#8220;P&#8221; et &#8220;B&#8221;). <\/p>\n","protected":false},"featured_media":49811,"template":"","meta":{"_acf_changed":false},"product_brand":[],"product_cat":[5264],"product_tag":[],"class_list":{"0":"post-62393","1":"product","2":"type-product","3":"status-publish","4":"has-post-thumbnail","6":"product_cat-autres-accessoires","8":"first","9":"instock","10":"taxable","11":"shipping-taxable","12":"purchasable","13":"product-type-variable"},"acf":[],"_links":{"self":[{"href":"https:\/\/mexpo.eu\/fr\/wp-json\/wp\/v2\/product\/62393","targetHints":{"allow":["GET"]}}],"collection":[{"href":"https:\/\/mexpo.eu\/fr\/wp-json\/wp\/v2\/product"}],"about":[{"href":"https:\/\/mexpo.eu\/fr\/wp-json\/wp\/v2\/types\/product"}],"wp:featuredmedia":[{"embeddable":true,"href":"https:\/\/mexpo.eu\/fr\/wp-json\/wp\/v2\/media\/49811"}],"wp:attachment":[{"href":"https:\/\/mexpo.eu\/fr\/wp-json\/wp\/v2\/media?parent=62393"}],"wp:term":[{"taxonomy":"product_brand","embeddable":true,"href":"https:\/\/mexpo.eu\/fr\/wp-json\/wp\/v2\/product_brand?post=62393"},{"taxonomy":"product_cat","embeddable":true,"href":"https:\/\/mexpo.eu\/fr\/wp-json\/wp\/v2\/product_cat?post=62393"},{"taxonomy":"product_tag","embeddable":true,"href":"https:\/\/mexpo.eu\/fr\/wp-json\/wp\/v2\/product_tag?post=62393"}],"curies":[{"name":"wp","href":"https:\/\/api.w.org\/{rel}","templated":true}]}}