{"id":62344,"date":"2025-02-17T13:21:28","date_gmt":"2025-02-17T13:21:28","guid":{"rendered":"https:\/\/mexpo.pl?post_type=product&#038;p=62344"},"modified":"2025-02-17T14:56:54","modified_gmt":"2025-02-17T14:56:54","slug":"clip-pour-revers-microphone-kmr-01","status":"publish","type":"product","link":"https:\/\/mexpo.eu\/fr\/produkt\/clip-pour-revers-microphone-kmr-01\/","title":{"rendered":"Clip pour revers microphone KMR-01"},"content":{"rendered":"<p>Clip en m\u00e9tal l\u00e9ger qui permet d&#8217;attacher le microphone \u00e0 pince \u00e0 cravate aux v\u00eatements.<\/p>\n","protected":false},"excerpt":{"rendered":"<p>Clip en m\u00e9tal l\u00e9ger qui permet d&#8217;attacher le microphone \u00e0 pince \u00e0 cravate aux v\u00eatements.<\/p>\n","protected":false},"featured_media":49791,"template":"","meta":{"_acf_changed":false},"product_brand":[],"product_cat":[5264],"product_tag":[],"class_list":{"0":"post-62344","1":"product","2":"type-product","3":"status-publish","4":"has-post-thumbnail","6":"product_cat-autres-accessoires","8":"first","9":"instock","10":"taxable","11":"shipping-taxable","12":"purchasable","13":"product-type-simple"},"acf":[],"_links":{"self":[{"href":"https:\/\/mexpo.eu\/fr\/wp-json\/wp\/v2\/product\/62344","targetHints":{"allow":["GET"]}}],"collection":[{"href":"https:\/\/mexpo.eu\/fr\/wp-json\/wp\/v2\/product"}],"about":[{"href":"https:\/\/mexpo.eu\/fr\/wp-json\/wp\/v2\/types\/product"}],"wp:featuredmedia":[{"embeddable":true,"href":"https:\/\/mexpo.eu\/fr\/wp-json\/wp\/v2\/media\/49791"}],"wp:attachment":[{"href":"https:\/\/mexpo.eu\/fr\/wp-json\/wp\/v2\/media?parent=62344"}],"wp:term":[{"taxonomy":"product_brand","embeddable":true,"href":"https:\/\/mexpo.eu\/fr\/wp-json\/wp\/v2\/product_brand?post=62344"},{"taxonomy":"product_cat","embeddable":true,"href":"https:\/\/mexpo.eu\/fr\/wp-json\/wp\/v2\/product_cat?post=62344"},{"taxonomy":"product_tag","embeddable":true,"href":"https:\/\/mexpo.eu\/fr\/wp-json\/wp\/v2\/product_tag?post=62344"}],"curies":[{"name":"wp","href":"https:\/\/api.w.org\/{rel}","templated":true}]}}