{"id":62338,"date":"2025-02-17T13:21:27","date_gmt":"2025-02-17T13:21:27","guid":{"rendered":"https:\/\/mexpo.pl?post_type=product&#038;p=62338"},"modified":"2025-02-17T14:56:48","modified_gmt":"2025-02-17T14:56:48","slug":"microphone-a-main-sans-fil-wavetalk-tk-501h","status":"publish","type":"product","link":"https:\/\/mexpo.eu\/fr\/produkt\/microphone-a-main-sans-fil-wavetalk-tk-501h\/","title":{"rendered":"Microphone \u00e0 main sans fil WaveTalk TK-501H"},"content":{"rendered":"<p>Le TK-501H est un \u00e9metteur portatif sans fil. Le microphone sans fil peut \u00eatre librement pass\u00e9 de main en main pour donner une voix &#8211; les conf\u00e9rences\/r\u00e9unions ou les visites guid\u00e9es deviennent plus interactives. Il se caract\u00e9rise par un aspect professionnel, malgr\u00e9 sa petite taille et son poids, qui avec une batterie compl\u00e8te ne d\u00e9passe pas les 140g !<\/p>\n<p>Application:<br \/>\n&#8211; guide touristique<br \/>\n&#8211; conf\u00e9rences \/ formations et conf\u00e9rences<br \/>\n&#8211; traductions simultan\u00e9es<br \/>\n&#8211; audiodescription en direct<br \/>\n&#8211; \u00e9v\u00e9nements \/ foires<\/p>\n<p>Caract\u00e9ristiques du microphone sans fil TK-501H :<br \/>\n&#8211; 42 canaux radio dans la bande combin\u00e9e 823 MHz ~ 832 MHz + 863 MHz ~ 865 MHz<br \/>\n&#8211; capsule capacitive int\u00e9gr\u00e9e s\u00e9curis\u00e9e par un maillage maill\u00e9<br \/>\n&#8211; \u00e9cran LCD r\u00e9tro-\u00e9clair\u00e9<br \/>\n&#8211; synchronisation automatique des r\u00e9cepteurs sans fil avec le microphone<br \/>\n&#8211; aliment\u00e9 par des piles alcalines AA ou des piles rechargeables AA Ni-MH (chargeur de bureau d\u00e9di\u00e9 HDC-502 disponible)<br \/>\n&#8211; 2 modes de microphone disponibles (Push-To-Bolt et Push-To-Talk)<br \/>\n&#8211; extr\u00eamement l\u00e9ger et confortable<br \/>\n&#8211; conception professionnelle<\/p>\n","protected":false},"excerpt":{"rendered":"<p>Microphone sans fil compact et l\u00e9ger pour guide touristique \/ conf\u00e9rence. Il dispose d&#8217;un \u00e9cran LCD r\u00e9tro\u00e9clair\u00e9, d&#8217;une synchronisation automatique avec les r\u00e9cepteurs sans fil et d&#8217;une batterie longue dur\u00e9e. Compatible avec le mod\u00e8le Okayo WaveTalk.<\/p>\n","protected":false},"featured_media":59339,"template":"","meta":{"_acf_changed":false},"product_brand":[],"product_cat":[5186],"product_tag":[],"class_list":{"0":"post-62338","1":"product","2":"type-product","3":"status-publish","4":"has-post-thumbnail","6":"product_cat-emetteurs-et-recepteurs","8":"first","9":"instock","10":"taxable","11":"shipping-taxable","12":"purchasable","13":"product-type-simple"},"acf":[],"_links":{"self":[{"href":"https:\/\/mexpo.eu\/fr\/wp-json\/wp\/v2\/product\/62338","targetHints":{"allow":["GET"]}}],"collection":[{"href":"https:\/\/mexpo.eu\/fr\/wp-json\/wp\/v2\/product"}],"about":[{"href":"https:\/\/mexpo.eu\/fr\/wp-json\/wp\/v2\/types\/product"}],"wp:featuredmedia":[{"embeddable":true,"href":"https:\/\/mexpo.eu\/fr\/wp-json\/wp\/v2\/media\/59339"}],"wp:attachment":[{"href":"https:\/\/mexpo.eu\/fr\/wp-json\/wp\/v2\/media?parent=62338"}],"wp:term":[{"taxonomy":"product_brand","embeddable":true,"href":"https:\/\/mexpo.eu\/fr\/wp-json\/wp\/v2\/product_brand?post=62338"},{"taxonomy":"product_cat","embeddable":true,"href":"https:\/\/mexpo.eu\/fr\/wp-json\/wp\/v2\/product_cat?post=62338"},{"taxonomy":"product_tag","embeddable":true,"href":"https:\/\/mexpo.eu\/fr\/wp-json\/wp\/v2\/product_tag?post=62338"}],"curies":[{"name":"wp","href":"https:\/\/api.w.org\/{rel}","templated":true}]}}