{"id":62324,"date":"2025-02-17T13:21:26","date_gmt":"2025-02-17T13:21:26","guid":{"rendered":"https:\/\/mexpo.pl?post_type=product&#038;p=62324"},"modified":"2025-05-20T12:55:19","modified_gmt":"2025-05-20T12:55:19","slug":"systeme-tourguide-pour-guides-touristiques-et-interpretariat-okayo-wavetalk-s-1111c","status":"publish","type":"product","link":"https:\/\/mexpo.eu\/fr\/produkt\/systeme-tourguide-pour-guides-touristiques-et-interpretariat-okayo-wavetalk-s-1111c\/","title":{"rendered":"Syst\u00e8me tourguide pour guides touristiques et interpr\u00e9tariat Okayo WaveTalk | S+ (11+1+1)+C"},"content":{"rendered":"<p>Ce syst\u00e8me tourguide pour guides touristiques ou pour interpr\u00e8tes est petit et ultral\u00e9ger. Le syst\u00e8me tourguide Okayo Wavetalk peut \u00eatre utilis\u00e9 \u00e0 la fois pour de visites guid\u00e9es, interpr\u00e9tariat ou audiodescription.<\/p>\n<p><strong>Contenu du set:<\/strong><br \/>\n&#8211; 11 r\u00e9cepteurs Okayo WaveTalk<br \/>\n&#8211; 1 \u00e9metteur Okayo WaveTalk<br \/>\n&#8211; 1 Okayo TK-501H \u00e9metteur sur microphone de main<br \/>\n&#8211; 1 chargeur C-12<br \/>\n&#8211; 1 sac TB-TK-12<br \/>\n&#8211; 1 microphone LM<br \/>\n&#8211; 11 \u00e9couteurs SH-2<br \/>\n&#8211; 50 cordons hygi\u00e9niques<br \/>\n&#8211; 15 clips pour tour de cou<\/p>\n<p><em>Attention! Les photos pr\u00e9sent\u00e9es sont \u00e0 titre indicatif et ne refl\u00e8tent pas le contenu complet (quantit\u00e9) de l&#8217;ensemble vendu.<\/em><\/p>\n","protected":false},"excerpt":{"rendered":"<p>Ce syst\u00e8me tourguide pour guides touristiques ou pour interpr\u00e8tes est petit et ultral\u00e9ger. Le syst\u00e8me tourguide Okayo Wavetalk peut \u00eatre utilis\u00e9 \u00e0 la fois pour de visites guid\u00e9es, interpr\u00e9tariat ou audiodescription.<\/p>\n","protected":false},"featured_media":65428,"template":"","meta":{"_acf_changed":false},"product_brand":[],"product_cat":[5175],"product_tag":[],"class_list":{"0":"post-62324","1":"product","2":"type-product","3":"status-publish","4":"has-post-thumbnail","6":"product_cat-sets-tour-guide","8":"first","9":"instock","10":"taxable","11":"shipping-taxable","12":"purchasable","13":"product-type-simple"},"acf":[],"_links":{"self":[{"href":"https:\/\/mexpo.eu\/fr\/wp-json\/wp\/v2\/product\/62324","targetHints":{"allow":["GET"]}}],"collection":[{"href":"https:\/\/mexpo.eu\/fr\/wp-json\/wp\/v2\/product"}],"about":[{"href":"https:\/\/mexpo.eu\/fr\/wp-json\/wp\/v2\/types\/product"}],"wp:featuredmedia":[{"embeddable":true,"href":"https:\/\/mexpo.eu\/fr\/wp-json\/wp\/v2\/media\/65428"}],"wp:attachment":[{"href":"https:\/\/mexpo.eu\/fr\/wp-json\/wp\/v2\/media?parent=62324"}],"wp:term":[{"taxonomy":"product_brand","embeddable":true,"href":"https:\/\/mexpo.eu\/fr\/wp-json\/wp\/v2\/product_brand?post=62324"},{"taxonomy":"product_cat","embeddable":true,"href":"https:\/\/mexpo.eu\/fr\/wp-json\/wp\/v2\/product_cat?post=62324"},{"taxonomy":"product_tag","embeddable":true,"href":"https:\/\/mexpo.eu\/fr\/wp-json\/wp\/v2\/product_tag?post=62324"}],"curies":[{"name":"wp","href":"https:\/\/api.w.org\/{rel}","templated":true}]}}