{"id":62317,"date":"2025-02-17T13:21:09","date_gmt":"2025-02-17T13:21:09","guid":{"rendered":"https:\/\/mexpo.pl?post_type=product&#038;p=62317"},"modified":"2025-05-20T13:04:01","modified_gmt":"2025-05-20T13:04:01","slug":"systeme-tourguide-pour-guides-touristiques-et-interpretariat-okayo-wavetalk-s-102c","status":"publish","type":"product","link":"https:\/\/mexpo.eu\/fr\/produkt\/systeme-tourguide-pour-guides-touristiques-et-interpretariat-okayo-wavetalk-s-102c\/","title":{"rendered":"Syst\u00e8me tourguide pour guides touristiques et interpr\u00e9tariat Okayo WaveTalk | S (10+2)+C"},"content":{"rendered":"<p>Ce syst\u00e8me tourguide pour guides touristiques et de groupes de 10 touristes est petit et ultral\u00e9ger. Le syst\u00e8me tourguide Okayo Wavetalk peut \u00eatre utilis\u00e9 comme syst\u00e8me pour visites guid\u00e9es sans fil, syst\u00e8me pour audiodescription ou pour interpr\u00e9tariat.<\/p>\n<p>Contenu du set:<br \/>\n&#8211; 10 r\u00e9cepteurs Okayo WaveTalk<br \/>\n&#8211; 2 \u00e9metteurs Okayo WaveTalk chargeur<br \/>\n&#8211; 1 chargeur C12<br \/>\n&#8211; 1 sac de transport TB-TK-12<br \/>\n&#8211; 1 microphone LM<br \/>\n&#8211; 1 microphone HM-55A<br \/>\n&#8211; 10 \u00e9couteurs SH-2<br \/>\n&#8211; 50 cordons hygi\u00e9niques<br \/>\n&#8211; 15 clips pour tour de cou<\/p>\n","protected":false},"excerpt":{"rendered":"<p>Ce syst\u00e8me tourguide pour guides touristiques et de groupes de 10 touristes est petit et ultral\u00e9ger. Le syst\u00e8me tourguide Okayo Wavetalk peut \u00eatre utilis\u00e9 comme syst\u00e8me pour visites guid\u00e9es sans fil, syst\u00e8me pour audiodescription ou pour interpr\u00e9tariat.<\/p>\n","protected":false},"featured_media":65435,"template":"","meta":{"_acf_changed":false},"product_brand":[],"product_cat":[5175],"product_tag":[],"class_list":{"0":"post-62317","1":"product","2":"type-product","3":"status-publish","4":"has-post-thumbnail","6":"product_cat-sets-tour-guide","8":"first","9":"instock","10":"taxable","11":"shipping-taxable","12":"purchasable","13":"product-type-simple"},"acf":[],"_links":{"self":[{"href":"https:\/\/mexpo.eu\/fr\/wp-json\/wp\/v2\/product\/62317","targetHints":{"allow":["GET"]}}],"collection":[{"href":"https:\/\/mexpo.eu\/fr\/wp-json\/wp\/v2\/product"}],"about":[{"href":"https:\/\/mexpo.eu\/fr\/wp-json\/wp\/v2\/types\/product"}],"wp:featuredmedia":[{"embeddable":true,"href":"https:\/\/mexpo.eu\/fr\/wp-json\/wp\/v2\/media\/65435"}],"wp:attachment":[{"href":"https:\/\/mexpo.eu\/fr\/wp-json\/wp\/v2\/media?parent=62317"}],"wp:term":[{"taxonomy":"product_brand","embeddable":true,"href":"https:\/\/mexpo.eu\/fr\/wp-json\/wp\/v2\/product_brand?post=62317"},{"taxonomy":"product_cat","embeddable":true,"href":"https:\/\/mexpo.eu\/fr\/wp-json\/wp\/v2\/product_cat?post=62317"},{"taxonomy":"product_tag","embeddable":true,"href":"https:\/\/mexpo.eu\/fr\/wp-json\/wp\/v2\/product_tag?post=62317"}],"curies":[{"name":"wp","href":"https:\/\/api.w.org\/{rel}","templated":true}]}}