{"id":62310,"date":"2025-02-17T13:21:08","date_gmt":"2025-02-17T13:21:08","guid":{"rendered":"https:\/\/mexpo.pl?post_type=product&#038;p=62310"},"modified":"2025-05-26T08:36:48","modified_gmt":"2025-05-26T08:36:48","slug":"systeme-tourguide-pour-guides-touristiques-okayo-otg-102-mguide-us-ready-s-102c","status":"publish","type":"product","link":"https:\/\/mexpo.eu\/fr\/produkt\/systeme-tourguide-pour-guides-touristiques-okayo-otg-102-mguide-us-ready-s-102c\/","title":{"rendered":"Syst\u00e8me tourguide pour guides touristiques Okayo OTG-102 mGuide US Ready | S+ (10+2)+C"},"content":{"rendered":"<p>Syst\u00e8me tourguide pour guides touristiques et petits groupes de touristes bas\u00e9 sur le mod\u00e8le Okayo OTG-102 mGuide US Ready. Le syst\u00e8me OTG-102 est un tourguide num\u00e9rique moderne qui offre au guide touristique des fonctions suppl\u00e9mentaires pour la gestion des groupes de touristes.<\/p>\n<p>Contenu du set:<br \/>\n&#8211; 10 r\u00e9cepteurs Okayo OTG-102R<br \/>\n&#8211; 2 \u00e9metteurs Okayo OTG-102T<br \/>\n&#8211; 3 chargeurs: 2xC5, 1xC2<br \/>\n&#8211; 2 microphones LM<br \/>\n&#8211; 10 \u00e9couteurs SH-2<br \/>\n&#8211; 50 cordons hygi\u00e9niques<br \/>\n&#8211; 15 clips pour tour de cou<br \/>\n&#8211; Sac TBX-2 avec compartiments de rangement en mousse<br \/>\n&#8211; 24 piles AA\/R6<\/p>\n","protected":false},"excerpt":{"rendered":"<p>Syst\u00e8me tourguide pour guides touristiques et petits groupes de touristes bas\u00e9 sur le mod\u00e8le Okayo OTG-102 mGuide US Ready. Le syst\u00e8me OTG-102 est un tourguide num\u00e9rique moderne qui offre au guide touristique des fonctions suppl\u00e9mentaires pour la gestion des groupes de touristes.<\/p>\n<p><span style=\"color: #ff0000;\">Les sacs verts ne sont actuellement pas disponibles. Nous incluons temporairement une autre couleur de sac s\u00e9lectionn\u00e9e au hasard qui est actuellement disponible.<\/span><\/p>\n<p><a href=\"https:\/\/mguide.eu\/wp-content\/uploads\/2024\/08\/FR-Nano-Blitz-baner.png\"><img loading=\"lazy\" decoding=\"async\" class=\"alignnone size-full wp-image-45232\" src=\"https:\/\/mguide.eu\/wp-content\/uploads\/2024\/08\/FR-Nano-Blitz-baner.png\" alt=\"\" width=\"630\" height=\"120\" \/><\/a><\/p>\n","protected":false},"featured_media":65442,"template":"","meta":{"_acf_changed":false},"product_brand":[],"product_cat":[5175],"product_tag":[],"class_list":{"0":"post-62310","1":"product","2":"type-product","3":"status-publish","4":"has-post-thumbnail","6":"product_cat-sets-tour-guide","8":"first","9":"instock","10":"taxable","11":"shipping-taxable","12":"purchasable","13":"product-type-simple"},"acf":[],"_links":{"self":[{"href":"https:\/\/mexpo.eu\/fr\/wp-json\/wp\/v2\/product\/62310","targetHints":{"allow":["GET"]}}],"collection":[{"href":"https:\/\/mexpo.eu\/fr\/wp-json\/wp\/v2\/product"}],"about":[{"href":"https:\/\/mexpo.eu\/fr\/wp-json\/wp\/v2\/types\/product"}],"wp:featuredmedia":[{"embeddable":true,"href":"https:\/\/mexpo.eu\/fr\/wp-json\/wp\/v2\/media\/65442"}],"wp:attachment":[{"href":"https:\/\/mexpo.eu\/fr\/wp-json\/wp\/v2\/media?parent=62310"}],"wp:term":[{"taxonomy":"product_brand","embeddable":true,"href":"https:\/\/mexpo.eu\/fr\/wp-json\/wp\/v2\/product_brand?post=62310"},{"taxonomy":"product_cat","embeddable":true,"href":"https:\/\/mexpo.eu\/fr\/wp-json\/wp\/v2\/product_cat?post=62310"},{"taxonomy":"product_tag","embeddable":true,"href":"https:\/\/mexpo.eu\/fr\/wp-json\/wp\/v2\/product_tag?post=62310"}],"curies":[{"name":"wp","href":"https:\/\/api.w.org\/{rel}","templated":true}]}}