{"id":62262,"date":"2025-02-17T13:20:29","date_gmt":"2025-02-17T13:20:29","guid":{"rendered":"https:\/\/mexpo.pl?post_type=product&#038;p=62262"},"modified":"2025-02-17T14:56:13","modified_gmt":"2025-02-17T14:56:13","slug":"chargeur-axiwi-cr-001","status":"publish","type":"product","link":"https:\/\/mexpo.eu\/fr\/produkt\/chargeur-axiwi-cr-001\/","title":{"rendered":"Chargeur Axiwi CR-001"},"content":{"rendered":"<p>La station de charge pour 10 unit\u00e9s AT-320 est livr\u00e9e avec une alimentation et un c\u00e2ble secteur d\u00e9di\u00e9s. Vous placez rapidement et facilement les appareils AXIWI dans la station, et si le c\u00e2ble r\u00e9seau est branch\u00e9, la charge commence.<\/p>\n","protected":false},"excerpt":{"rendered":"<p>La station de charge pour 10 unit\u00e9s AT-320 est livr\u00e9e avec une alimentation et un c\u00e2ble secteur d\u00e9di\u00e9s. Vous placez rapidement et facilement les appareils AXIWI dans la station, et si le c\u00e2ble r\u00e9seau est branch\u00e9, la charge commence.<\/p>\n","protected":false},"featured_media":49676,"template":"","meta":{"_acf_changed":false},"product_brand":[],"product_cat":[5330],"product_tag":[],"class_list":{"0":"post-62262","1":"product","2":"type-product","3":"status-publish","4":"has-post-thumbnail","6":"product_cat-chargeurs-pour-systemes-dintercoms","8":"first","9":"instock","10":"taxable","11":"shipping-taxable","12":"purchasable","13":"product-type-simple"},"acf":[],"_links":{"self":[{"href":"https:\/\/mexpo.eu\/fr\/wp-json\/wp\/v2\/product\/62262","targetHints":{"allow":["GET"]}}],"collection":[{"href":"https:\/\/mexpo.eu\/fr\/wp-json\/wp\/v2\/product"}],"about":[{"href":"https:\/\/mexpo.eu\/fr\/wp-json\/wp\/v2\/types\/product"}],"wp:featuredmedia":[{"embeddable":true,"href":"https:\/\/mexpo.eu\/fr\/wp-json\/wp\/v2\/media\/49676"}],"wp:attachment":[{"href":"https:\/\/mexpo.eu\/fr\/wp-json\/wp\/v2\/media?parent=62262"}],"wp:term":[{"taxonomy":"product_brand","embeddable":true,"href":"https:\/\/mexpo.eu\/fr\/wp-json\/wp\/v2\/product_brand?post=62262"},{"taxonomy":"product_cat","embeddable":true,"href":"https:\/\/mexpo.eu\/fr\/wp-json\/wp\/v2\/product_cat?post=62262"},{"taxonomy":"product_tag","embeddable":true,"href":"https:\/\/mexpo.eu\/fr\/wp-json\/wp\/v2\/product_tag?post=62262"}],"curies":[{"name":"wp","href":"https:\/\/api.w.org\/{rel}","templated":true}]}}