{"id":62244,"date":"2025-02-17T13:20:06","date_gmt":"2025-02-17T13:20:06","guid":{"rendered":"https:\/\/mexpo.pl?post_type=product&#038;p=62244"},"modified":"2025-02-17T14:56:05","modified_gmt":"2025-02-17T14:56:05","slug":"chargeur-okayo-c50","status":"publish","type":"product","link":"https:\/\/mexpo.eu\/fr\/produkt\/chargeur-okayo-c50\/","title":{"rendered":"Chargeur Okayo C50"},"content":{"rendered":"<p>Chargeur collectif d\u00e9di\u00e9 et fixe pour 50 appareils avec possibilit\u00e9 de montage dans le syst\u00e8me RACK. L&#8217;\u00e9cran LCD vous permet de s\u00e9lectionner et de synchroniser les canaux de l&#8217;appareil dans le chargeur. <\/p>\n","protected":false},"excerpt":{"rendered":"<p>Chargeur collectif d\u00e9di\u00e9 et fixe pour 50 appareils avec possibilit\u00e9 de montage dans le syst\u00e8me RACK. L&#8217;\u00e9cran LCD vous permet de s\u00e9lectionner et de synchroniser les canaux de l&#8217;appareil dans le chargeur. <\/p>\n","protected":false},"featured_media":49664,"template":"","meta":{"_acf_changed":false},"product_brand":[],"product_cat":[5177],"product_tag":[],"class_list":{"0":"post-62244","1":"product","2":"type-product","3":"status-publish","4":"has-post-thumbnail","6":"product_cat-chargeurs","8":"first","9":"onbackorder","10":"taxable","11":"shipping-taxable","12":"purchasable","13":"product-type-simple"},"acf":[],"_links":{"self":[{"href":"https:\/\/mexpo.eu\/fr\/wp-json\/wp\/v2\/product\/62244","targetHints":{"allow":["GET"]}}],"collection":[{"href":"https:\/\/mexpo.eu\/fr\/wp-json\/wp\/v2\/product"}],"about":[{"href":"https:\/\/mexpo.eu\/fr\/wp-json\/wp\/v2\/types\/product"}],"wp:featuredmedia":[{"embeddable":true,"href":"https:\/\/mexpo.eu\/fr\/wp-json\/wp\/v2\/media\/49664"}],"wp:attachment":[{"href":"https:\/\/mexpo.eu\/fr\/wp-json\/wp\/v2\/media?parent=62244"}],"wp:term":[{"taxonomy":"product_brand","embeddable":true,"href":"https:\/\/mexpo.eu\/fr\/wp-json\/wp\/v2\/product_brand?post=62244"},{"taxonomy":"product_cat","embeddable":true,"href":"https:\/\/mexpo.eu\/fr\/wp-json\/wp\/v2\/product_cat?post=62244"},{"taxonomy":"product_tag","embeddable":true,"href":"https:\/\/mexpo.eu\/fr\/wp-json\/wp\/v2\/product_tag?post=62244"}],"curies":[{"name":"wp","href":"https:\/\/api.w.org\/{rel}","templated":true}]}}