{"id":62220,"date":"2025-02-17T13:20:05","date_gmt":"2025-02-17T13:20:05","guid":{"rendered":"https:\/\/mexpo.pl?post_type=product&#038;p=62220"},"modified":"2025-02-17T14:55:49","modified_gmt":"2025-02-17T14:55:49","slug":"systeme-de-visite-guidee-recepteur-okayo-otg-102","status":"publish","type":"product","link":"https:\/\/mexpo.eu\/fr\/produkt\/systeme-de-visite-guidee-recepteur-okayo-otg-102\/","title":{"rendered":"Syst\u00e8me de visite guid\u00e9e &#8211; R\u00e9cepteur Okayo OTG-102"},"content":{"rendered":"<p>R\u00e9cepteur de guide touristique UHF num\u00e9rique unidirectionnel. Deux bandes de fr\u00e9quences &#8211; UE : 823 MHz ~ 832 MHz + 863 MHz ~ 865 MHz, USA : 902 MHz ~ 928 MHz, 42 canaux. Port\u00e9e jusqu&#8217;\u00e0 100 m\u00e8tres dans la ligne de mire. Alimentation 2x AA. La dur\u00e9e de fonctionnement du r\u00e9cepteur est d&#8217;env. 45 heures.<\/p>\n<p><strong>Okayo OTG-102 mGuide\u24c7 (US ready), sorti en 2022, est certainement le syst\u00e8me num\u00e9rique pour visites guid\u00e9es le plus moderne d&#8217;Okayo Electronics et probablement le syst\u00e8me tourguide le plus moderne parmi les mod\u00e8les de visites en g\u00e9n\u00e9ral. Le mod\u00e8le vendu par Mexpo dispose de fonctions suppl\u00e9mentaires, sp\u00e9cialement pr\u00e9par\u00e9es pour nos clients.<\/strong><\/p>\n<p><strong>1 kit pour 2 continents<\/strong><\/p>\n<p>Les r\u00e9cepteurs OTG-102 peuvent fonctionner l\u00e9galement en Europe et aux \u00c9tats-Unis. Il suffit d&#8217;acheter un \u00e9metteur suppl\u00e9mentaire pour la bande des \u00c9tats-Unis et changer la port\u00e9e sur les r\u00e9cepteurs. C&#8217;est tout. Il n&#8217;est pas n\u00e9cessaire d&#8217;acheter des kits sp\u00e9cialement pour les voyages De l&#8217;autre c\u00f4t\u00e9 de l&#8217;Oc\u00e9an.<\/p>\n<p><strong>Syst\u00e8me simple, possibilit\u00e9s incroyables<\/strong><\/p>\n<p>De plus, le syst\u00e8me tourguide Okayo OTG-102 a des fonctions suivantes:<\/p>\n<ul>\n<li>transmission de deux \u00e9metteurs simultan\u00e9ment sur le m\u00eame canal (jusqu&#8217;\u00e0 1 groupe). Gr\u00e2ce \u00e0 cette fonction, un guide et un accompagnateur touristiques peuvent communiquer avec le groupe en m\u00eame temps.<\/li>\n<li>comptage de groupe: v\u00e9rification du nombre de r\u00e9cepteurs qui se trouvent dans la port\u00e9e de transmission de l&#8217;\u00e9metteur. Le guide n&#8217;a plus besoin de voir toutes les personnes pour compter le groupe et v\u00e9rifier si quelqu&#8217;un n&#8217;est perdu.<\/li>\n<li>d\u00e9clenchement d&#8217;une alarme \u00e0 distance (son et vibration) pour, par exemple, attirer l&#8217;attention du groupe ou annoncer la fin d&#8217;une pause lors d&#8217;une visite.<\/li>\n<li>alarme de port\u00e9e: le r\u00e9cepteur informe l&#8217;utilisateur lorsqu&#8217;il commence \u00e0 sortir de la port\u00e9e de l&#8217;\u00e9metteur.<\/li>\n<\/ul>\n<p><strong>Une pause de transmission? Mettez de la musique!<\/strong><\/p>\n<p>L&#8217;\u00e9metteur dispose d&#8217;une prise jack TRS aux-in suppl\u00e9mentaire de 3,5 mm pour connecter une source audio suppl\u00e9mentaire, par exemple un smartphone ou un lecteur mp3. Gr\u00e2ce \u00e0 cette fonction, on peut mettre de la musique ou activer un programme audioguide pr\u00e9alablement enregistr\u00e9 au moment d&#8217;une pause.<\/p>\n<p><strong>Les visites guid\u00e9es avec tourguide n&#8217;ont jamais \u00e9t\u00e9 aussi \u00e9conomes en \u00e9nergie&#8230;<\/strong><\/p>\n<p>Les r\u00e9cepteurs du mod\u00e8le OTG-102 se caract\u00e9risent par la dur\u00e9e de fonctionnement la plus longue de leur cat\u00e9gorie sur une seule alimentation (plus de 40 heures) et la possibilit\u00e9 de fonctionner \u00e0 la fois sur deux et sur une seule pile ou batterie rechargeable AA.<\/p>\n<p><strong>Conception universelle<\/strong><\/p>\n<p>Le syst\u00e8me OTG-102 a \u00e9t\u00e9 con\u00e7u en tenant compte des personnes handicap\u00e9es. L&#8217;\u00e9cran OLED \u00e0 contraste \u00e9lev\u00e9 sur l&#8217;\u00e9metteur assure une meilleure lisibilit\u00e9 pour les malvoyants. Gr\u00e2ce \u00e0 la prise \u00e9couteurs avec option HAC (Hearing-Aid-Compatible) sur les r\u00e9cepteurs, l&#8217;\u00e9couteur connect\u00e9 est compatible avec l&#8217;aide auditive pour malentendants. Des boutons d\u00e9di\u00e9s permettent une utilisation simple et intuitive des appareils.<\/p>\n<p>Avec le syst\u00e8me OTG-102, nous proposons une large gamme d&#8217;accessoires tels que des microphones, des \u00e9couteurs, des chargeurs, ainsi que des sacs de transport et des \u00e9tuis.<\/p>\n<p><strong>Applications:<\/strong><\/p>\n<ul>\n<li>visites guid\u00e9es de groupes de touristes organis\u00e9s<\/li>\n<li>communication avec un groupe dans un environnement bruyant<\/li>\n<li>formation<\/li>\n<li>traductions simultan\u00e9es<\/li>\n<li>conf\u00e9rences<\/li>\n<li>entra\u00eenements sportifs<\/li>\n<\/ul>\n<p>Caract\u00e9ristiques de Okayo OTG-102 mGuide\u24c7:<\/p>\n<ul>\n<li>modulation de transmission num\u00e9rique 4GFSK avec technologie de r\u00e9duction du bruit<\/li>\n<li>Active Dynamic Noise Reduction et son r\u00e9glage par l&#8217;utilisateur<\/li>\n<li>42 canaux dans les bandes de fr\u00e9quences 823 MHz ~ 832 MHz et 865 MHz ~ 863 MHz plus la bande des \u00c9tats Unis<\/li>\n<li>transmission de deux \u00e9metteurs simultan\u00e9ment sur le m\u00eame canal<\/li>\n<li>port\u00e9e dans la ligne de mire plus de 100 m\u00e8tres<\/li>\n<li>plus de 40 heures de fonctionnement du r\u00e9cepteur avec une seule alimentation: 2x pile alcaline AA 1.5V \/ 2x AA Ni-MH 1.2V<\/li>\n<li>fonctionnement de l&#8217;\u00e9metteur et du r\u00e9cepteur avec une seule pile ou batterie AA rechargeable<\/li>\n<li>synchronisation automatique et couplage des r\u00e9cepteurs \u00e0 l&#8217;\u00e9metteur, fonction de recherche de canal sans interf\u00e9rence<\/li>\n<li>s\u00e9lection de canaux simultan\u00e9s uniquement: une option pour interpr\u00e8tes et plusieurs groupes dans la m\u00eame zone<\/li>\n<li>3 modes de gestion de groupe: Alarm, Roll-Call, Out-of-Range Alarm<\/li>\n<li>possibilit\u00e9 d&#8217;\u00e9teindre rapidement les r\u00e9cepteurs: \u00e9teindre l&#8217;\u00e9metteur \u00e9teindra imm\u00e9diatement les r\u00e9cepteurs coupl\u00e9s<\/li>\n<li>prise st\u00e9r\u00e9o aux-in 3,5 mm sur l&#8217;\u00e9metteur avec option Audio Priority<\/li>\n<li>facilit\u00e9s pour les personnes en situation de handicap: \u00e9cran OLED sur l&#8217;\u00e9metteur et HAC sur les r\u00e9cepteurs<\/li>\n<\/ul>\n","protected":false},"excerpt":{"rendered":"<p>R\u00e9cepteur tourguide UHF num\u00e9rique unidirectionnel. Deux bandes de fr\u00e9quences &#8211; UE : 823 MHz ~ 832 MHz + 863 MHz ~ 865 MHz, USA : 902 MHz ~ 928 MHz, 42 canaux. Port\u00e9e jusqu&#8217;\u00e0 100 m\u00e8tres dans la ligne de mire. Alimentation 2x AA. La dur\u00e9e de fonctionnement du r\u00e9cepteur est d&#8217;env. 45 heures.<\/p>\n","protected":false},"featured_media":51429,"template":"","meta":{"_acf_changed":false},"product_brand":[],"product_cat":[5186],"product_tag":[],"class_list":{"0":"post-62220","1":"product","2":"type-product","3":"status-publish","4":"has-post-thumbnail","6":"product_cat-emetteurs-et-recepteurs","8":"first","9":"instock","10":"taxable","11":"shipping-taxable","12":"purchasable","13":"product-type-simple"},"acf":[],"_links":{"self":[{"href":"https:\/\/mexpo.eu\/fr\/wp-json\/wp\/v2\/product\/62220","targetHints":{"allow":["GET"]}}],"collection":[{"href":"https:\/\/mexpo.eu\/fr\/wp-json\/wp\/v2\/product"}],"about":[{"href":"https:\/\/mexpo.eu\/fr\/wp-json\/wp\/v2\/types\/product"}],"wp:featuredmedia":[{"embeddable":true,"href":"https:\/\/mexpo.eu\/fr\/wp-json\/wp\/v2\/media\/51429"}],"wp:attachment":[{"href":"https:\/\/mexpo.eu\/fr\/wp-json\/wp\/v2\/media?parent=62220"}],"wp:term":[{"taxonomy":"product_brand","embeddable":true,"href":"https:\/\/mexpo.eu\/fr\/wp-json\/wp\/v2\/product_brand?post=62220"},{"taxonomy":"product_cat","embeddable":true,"href":"https:\/\/mexpo.eu\/fr\/wp-json\/wp\/v2\/product_cat?post=62220"},{"taxonomy":"product_tag","embeddable":true,"href":"https:\/\/mexpo.eu\/fr\/wp-json\/wp\/v2\/product_tag?post=62220"}],"curies":[{"name":"wp","href":"https:\/\/api.w.org\/{rel}","templated":true}]}}