{"id":62205,"date":"2025-02-17T13:20:03","date_gmt":"2025-02-17T13:20:03","guid":{"rendered":"https:\/\/mexpo.pl?post_type=product&#038;p=62205"},"modified":"2025-02-17T14:56:23","modified_gmt":"2025-02-17T14:56:23","slug":"chargeur-okayo-wave-chg-24","status":"publish","type":"product","link":"https:\/\/mexpo.eu\/fr\/produkt\/chargeur-okayo-wave-chg-24\/","title":{"rendered":"Chargeur Okayo WAVE CHG-24"},"content":{"rendered":"<p>Chargeur collectif d\u00e9di\u00e9 dans une sacoche de transport pour 24 appareils. Le sac a une &#8220;fen\u00eatre&#8221; pour une carte de visite ou une carte avec un logo de contact ou d&#8217;entreprise. Le panneau int\u00e9gr\u00e9 avec \u00e9cran LCD vous permet de s\u00e9lectionner et de synchroniser les canaux de l&#8217;appareil dans le chargeur.<\/p>\n","protected":false},"excerpt":{"rendered":"<p>Chargeur collectif d\u00e9di\u00e9 dans une sacoche de transport pour 24 appareils. Le sac a une &#8220;fen\u00eatre&#8221; pour une carte de visite ou une carte avec un logo de contact ou d&#8217;entreprise. Le panneau int\u00e9gr\u00e9 avec \u00e9cran LCD vous permet de s\u00e9lectionner et de synchroniser les canaux de l&#8217;appareil dans le chargeur.<\/p>\n","protected":false},"featured_media":49751,"template":"","meta":{"_acf_changed":false},"product_brand":[],"product_cat":[5177],"product_tag":[],"class_list":{"0":"post-62205","1":"product","2":"type-product","3":"status-publish","4":"has-post-thumbnail","6":"product_cat-chargeurs","8":"first","9":"outofstock","10":"taxable","11":"shipping-taxable","12":"purchasable","13":"product-type-simple"},"acf":[],"_links":{"self":[{"href":"https:\/\/mexpo.eu\/fr\/wp-json\/wp\/v2\/product\/62205","targetHints":{"allow":["GET"]}}],"collection":[{"href":"https:\/\/mexpo.eu\/fr\/wp-json\/wp\/v2\/product"}],"about":[{"href":"https:\/\/mexpo.eu\/fr\/wp-json\/wp\/v2\/types\/product"}],"wp:featuredmedia":[{"embeddable":true,"href":"https:\/\/mexpo.eu\/fr\/wp-json\/wp\/v2\/media\/49751"}],"wp:attachment":[{"href":"https:\/\/mexpo.eu\/fr\/wp-json\/wp\/v2\/media?parent=62205"}],"wp:term":[{"taxonomy":"product_brand","embeddable":true,"href":"https:\/\/mexpo.eu\/fr\/wp-json\/wp\/v2\/product_brand?post=62205"},{"taxonomy":"product_cat","embeddable":true,"href":"https:\/\/mexpo.eu\/fr\/wp-json\/wp\/v2\/product_cat?post=62205"},{"taxonomy":"product_tag","embeddable":true,"href":"https:\/\/mexpo.eu\/fr\/wp-json\/wp\/v2\/product_tag?post=62205"}],"curies":[{"name":"wp","href":"https:\/\/api.w.org\/{rel}","templated":true}]}}