{"id":62185,"date":"2025-02-17T13:19:42","date_gmt":"2025-02-17T13:19:42","guid":{"rendered":"https:\/\/mexpo.pl?post_type=product&#038;p=62185"},"modified":"2025-02-17T14:55:31","modified_gmt":"2025-02-17T14:55:31","slug":"systeme-de-visite-guidee-emetteur-okayo-wavetalk","status":"publish","type":"product","link":"https:\/\/mexpo.eu\/fr\/produkt\/systeme-de-visite-guidee-emetteur-okayo-wavetalk\/","title":{"rendered":"Syst\u00e8me de visite guid\u00e9e &#8211; \u00c9metteur Okayo WaveTalk"},"content":{"rendered":"<p>\u00c9metteur de guide touristique UHF num\u00e9rique unidirectionnel. 823 MHz ~ 832 MHz + 863 MHz ~ 865 MHz, 42 canaux. Port\u00e9e jusqu&#8217;\u00e0 150 m\u00e8tres dans la ligne de mire. Batterie Li-Pol 3.7V 1300 mAh int\u00e9gr\u00e9e. La dur\u00e9e de fonctionnement de l&#8217;\u00e9metteur est d&#8217;env. 26 heures.<\/p>\n<p><strong>WaveTalk est un nouveau syst\u00e8me tourguide num\u00e9rique con\u00e7u pour offrir aux utilisateurs les meilleurs param\u00e8tres, tels que la port\u00e9e, le temps de travail et la fonctionnalit\u00e9, dans la plus petite bo\u00eete possible et avec le minimum de poids.<\/strong><\/p>\n<p><strong>L\u00e9ger comme une onde &#8230; radio<\/strong><\/p>\n<p>L&#8217;utilisation d&#8217;une batterie lithium-ion int\u00e9gr\u00e9e dans les \u00e9metteurs et r\u00e9cepteurs WaveTalk rend l&#8217;appareil similaire en taille \u00e0 une carte de cr\u00e9dit et ne p\u00e8se pas plus de&#8230; 60 grammes !<\/p>\n<p>Qu&#8217;est-ce que cela signifie en pratique? M\u00eame une petite personne peut facilement transporter un sac ou un sac \u00e0 dos charg\u00e9 de 50 r\u00e9cepteurs et \u00e9couteurs pour un grand groupe.<\/p>\n<p><strong>Efficace et \u00e9conome en \u00e9nergie<\/strong><\/p>\n<p>La dur\u00e9e de fonctionnement du r\u00e9cepteur est sup\u00e9rieure \u00e0 30 heures alors que la charge ne dure que de 2 \u00e0 4 heures sur le chargeur collectif. De plus, l&#8217;appareil peut \u00e9galement \u00eatre charg\u00e9 rapidement avec un chargeur de t\u00e9l\u00e9phone, une batterie externe ou un ordinateur car il dispose d&#8217;une prise USB de type C qui est d\u00e9j\u00e0 install\u00e9e dans un nombre croissant de t\u00e9l\u00e9phones portables et autres appareils \u00e9lectroniques.<\/p>\n<p><strong>Fonctionnalit\u00e9? Pas de compromis<\/strong><\/p>\n<p>WaveTalk a jusqu&#8217;\u00e0 42 canaux radio en modulation de fr\u00e9quence num\u00e9rique 4GFSK et deux bandes de fr\u00e9quences combin\u00e9es 823 MHz ~ 832 MHz \/ 863 MHz ~ 865 MHz. L&#8217;appareil est \u00e9galement \u00e9quip\u00e9 d&#8217;une fonction de recherche automatique de cha\u00eenes sans interf\u00e9rences gr\u00e2ce \u00e0 laquelle l&#8217;utilisateur re\u00e7oit un syst\u00e8me absolument s\u00fbr et sans interf\u00e9rences pour les visites guid\u00e9es.<\/p>\n<p>WaveTalk garantit la meilleure qualit\u00e9 de son re\u00e7u et optimise l&#8217;exp\u00e9rience d&#8217;\u00e9coute gr\u00e2ce \u00e0 des param\u00e8tres techniques avanc\u00e9s.<br \/>\nLa prise casque du r\u00e9cepteur est \u00e9quip\u00e9e du syst\u00e8me HAC (Hearing-Aid-Compatible) ce qui signifie que les \u00e9couteurs connect\u00e9s au r\u00e9cepteur fonctionneront avec les aides auditives de l&#8217;utilisateur.<\/p>\n<p>L&#8217;\u00e9metteur du syst\u00e8me tourguide Okayo WaveTalk est disponible sous 3 formes: la version compacte traditionnelle, en tant que microphone sans fil et en tant qu&#8217;\u00e9metteur fixe.<\/p>\n<p><strong>Applications:<\/strong><\/p>\n<ul>\n<li>visites guid\u00e9es de groupes de touristes organis\u00e9s<\/li>\n<li>communication avec un groupe dans un environnement bruyant<\/li>\n<li>traduction simultan\u00e9e et audiodescription<\/li>\n<li>formations et conf\u00e9rences<\/li>\n<li>entra\u00eenements sportifs<\/li>\n<\/ul>\n<p><strong>Caract\u00e9ristiques d&#8217;Okayo WaveTalk:<\/strong><\/p>\n<ul>\n<li>modulation de transmission num\u00e9rique 4GFSK avec technologie de r\u00e9duction du bruit<\/li>\n<li>42 canaux dans les bandes de fr\u00e9quences 823 MHz ~ 832 MHz et 865 MHz ~ 863 MHz<\/li>\n<li>taille petite et compacte, petit poids: moins de 60 grammes<\/li>\n<li>port\u00e9e jusqu&#8217;\u00e0 150 m\u00e8tres en ligne de mire<\/li>\n<li>plus de 30 heures de fonctionnement avec une batterie rechargeable et seulement 2 \u00e0 4 heures de charge<\/li>\n<li>deux modes de charge disponibles: via USB-C ou avec un chargeur collectif d\u00e9di\u00e9<\/li>\n<li>fonction de recherche de canal sans interf\u00e9rence et changement de canal \u00e0 distance sur les r\u00e9cepteurs<\/li>\n<li>un bouton pour \u00e9teindre tous les r\u00e9cepteurs et \u00e9conomiser de l&#8217;\u00e9nergie<\/li>\n<\/ul>\n<p><strong>Accessoires disponibles:<\/strong><\/p>\n<ul>\n<li>chargeurs pour 12 ou 24 appareils<\/li>\n<li>\u00e9metteur de type body-pack, microphone sans fil, \u00e9metteur fixe<\/li>\n<li>sacs, sacs \u00e0 dos<\/li>\n<\/ul>\n","protected":false},"excerpt":{"rendered":"<p>\u00c9metteur tourguide UHF num\u00e9rique unidirectionnel. 823 MHz ~ 832 MHz + 863 MHz ~ 865 MHz, 42 canaux. Port\u00e9e jusqu&#8217;\u00e0 150 m\u00e8tres dans la ligne de mire. Batterie Li-Pol 3.7V 1300 mAh int\u00e9gr\u00e9e. La dur\u00e9e de fonctionnement de l&#8217;\u00e9metteur est d&#8217;env. 26 heures.<\/p>\n","protected":false},"featured_media":59114,"template":"","meta":{"_acf_changed":false},"product_brand":[],"product_cat":[5186],"product_tag":[],"class_list":{"0":"post-62185","1":"product","2":"type-product","3":"status-publish","4":"has-post-thumbnail","6":"product_cat-emetteurs-et-recepteurs","8":"first","9":"instock","10":"taxable","11":"shipping-taxable","12":"purchasable","13":"product-type-simple"},"acf":[],"_links":{"self":[{"href":"https:\/\/mexpo.eu\/fr\/wp-json\/wp\/v2\/product\/62185","targetHints":{"allow":["GET"]}}],"collection":[{"href":"https:\/\/mexpo.eu\/fr\/wp-json\/wp\/v2\/product"}],"about":[{"href":"https:\/\/mexpo.eu\/fr\/wp-json\/wp\/v2\/types\/product"}],"wp:featuredmedia":[{"embeddable":true,"href":"https:\/\/mexpo.eu\/fr\/wp-json\/wp\/v2\/media\/59114"}],"wp:attachment":[{"href":"https:\/\/mexpo.eu\/fr\/wp-json\/wp\/v2\/media?parent=62185"}],"wp:term":[{"taxonomy":"product_brand","embeddable":true,"href":"https:\/\/mexpo.eu\/fr\/wp-json\/wp\/v2\/product_brand?post=62185"},{"taxonomy":"product_cat","embeddable":true,"href":"https:\/\/mexpo.eu\/fr\/wp-json\/wp\/v2\/product_cat?post=62185"},{"taxonomy":"product_tag","embeddable":true,"href":"https:\/\/mexpo.eu\/fr\/wp-json\/wp\/v2\/product_tag?post=62185"}],"curies":[{"name":"wp","href":"https:\/\/api.w.org\/{rel}","templated":true}]}}