{"id":62122,"date":"2025-02-17T13:19:02","date_gmt":"2025-02-17T13:19:02","guid":{"rendered":"https:\/\/mexpo.pl?post_type=product&#038;p=62122"},"modified":"2025-02-17T14:55:01","modified_gmt":"2025-02-17T14:55:01","slug":"headset-jeu-micro-casque-he-080","status":"publish","type":"product","link":"https:\/\/mexpo.eu\/fr\/produkt\/headset-jeu-micro-casque-he-080\/","title":{"rendered":"Headset (jeu micro-casque) HE-080"},"content":{"rendered":"<p>Casque antibruit (isolation phonique jusqu&#8217;\u00e0 29 db), id\u00e9al pour la communication industrielle. Il dispose d&#8217;un microphone perche int\u00e9gr\u00e9, qui permet l&#8217;utilisation d&#8217;un kit mains libres dans des environnements tr\u00e8s bruyants.<\/p>\n","protected":false},"excerpt":{"rendered":"<p>Casque (casque et microphone) HE-080 avec r\u00e9duction du bruit (jusqu&#8217;\u00e0 29 dB), id\u00e9al pour la communication dans l&#8217;industrie. Microphone sur tige int\u00e9gr\u00e9 pour une utilisation mains libres dans des environnements tr\u00e8s bruyants.<\/p>\n","protected":false},"featured_media":49562,"template":"","meta":{"_acf_changed":false},"product_brand":[],"product_cat":[5181],"product_tag":[],"class_list":{"0":"post-62122","1":"product","2":"type-product","3":"status-publish","4":"has-post-thumbnail","6":"product_cat-headsets-systemes-dinterphone","8":"first","9":"instock","10":"taxable","11":"shipping-taxable","12":"purchasable","13":"product-type-simple"},"acf":[],"_links":{"self":[{"href":"https:\/\/mexpo.eu\/fr\/wp-json\/wp\/v2\/product\/62122","targetHints":{"allow":["GET"]}}],"collection":[{"href":"https:\/\/mexpo.eu\/fr\/wp-json\/wp\/v2\/product"}],"about":[{"href":"https:\/\/mexpo.eu\/fr\/wp-json\/wp\/v2\/types\/product"}],"wp:featuredmedia":[{"embeddable":true,"href":"https:\/\/mexpo.eu\/fr\/wp-json\/wp\/v2\/media\/49562"}],"wp:attachment":[{"href":"https:\/\/mexpo.eu\/fr\/wp-json\/wp\/v2\/media?parent=62122"}],"wp:term":[{"taxonomy":"product_brand","embeddable":true,"href":"https:\/\/mexpo.eu\/fr\/wp-json\/wp\/v2\/product_brand?post=62122"},{"taxonomy":"product_cat","embeddable":true,"href":"https:\/\/mexpo.eu\/fr\/wp-json\/wp\/v2\/product_cat?post=62122"},{"taxonomy":"product_tag","embeddable":true,"href":"https:\/\/mexpo.eu\/fr\/wp-json\/wp\/v2\/product_tag?post=62122"}],"curies":[{"name":"wp","href":"https:\/\/api.w.org\/{rel}","templated":true}]}}