{"id":62115,"date":"2025-02-17T13:19:01","date_gmt":"2025-02-17T13:19:01","guid":{"rendered":"https:\/\/mexpo.pl?post_type=product&#038;p=62115"},"modified":"2025-02-17T14:54:58","modified_gmt":"2025-02-17T14:54:58","slug":"headset-jeu-micro-casque-he-075","status":"publish","type":"product","link":"https:\/\/mexpo.eu\/fr\/produkt\/headset-jeu-micro-casque-he-075\/","title":{"rendered":"Headset (jeu micro-casque) HE-075"},"content":{"rendered":"<p>Casque de sport compact et tr\u00e8s convivial. Un casque tr\u00e8s l\u00e9ger avec un microphone perche et un \u00e9couteur.<\/p>\n","protected":false},"excerpt":{"rendered":"<p>Casque (\u00e9couteur et microphone) HE-075. Casque de sport. Casque tr\u00e8s l\u00e9ger et r\u00e9sistant, dot\u00e9 d&#8217;un microphone sur tige et d&#8217;un casque intra-auriculaire.<\/p>\n","protected":false},"featured_media":49556,"template":"","meta":{"_acf_changed":false},"product_brand":[],"product_cat":[5181],"product_tag":[],"class_list":{"0":"post-62115","1":"product","2":"type-product","3":"status-publish","4":"has-post-thumbnail","6":"product_cat-headsets-systemes-dinterphone","8":"first","9":"instock","10":"taxable","11":"shipping-taxable","12":"purchasable","13":"product-type-simple"},"acf":[],"_links":{"self":[{"href":"https:\/\/mexpo.eu\/fr\/wp-json\/wp\/v2\/product\/62115","targetHints":{"allow":["GET"]}}],"collection":[{"href":"https:\/\/mexpo.eu\/fr\/wp-json\/wp\/v2\/product"}],"about":[{"href":"https:\/\/mexpo.eu\/fr\/wp-json\/wp\/v2\/types\/product"}],"wp:featuredmedia":[{"embeddable":true,"href":"https:\/\/mexpo.eu\/fr\/wp-json\/wp\/v2\/media\/49556"}],"wp:attachment":[{"href":"https:\/\/mexpo.eu\/fr\/wp-json\/wp\/v2\/media?parent=62115"}],"wp:term":[{"taxonomy":"product_brand","embeddable":true,"href":"https:\/\/mexpo.eu\/fr\/wp-json\/wp\/v2\/product_brand?post=62115"},{"taxonomy":"product_cat","embeddable":true,"href":"https:\/\/mexpo.eu\/fr\/wp-json\/wp\/v2\/product_cat?post=62115"},{"taxonomy":"product_tag","embeddable":true,"href":"https:\/\/mexpo.eu\/fr\/wp-json\/wp\/v2\/product_tag?post=62115"}],"curies":[{"name":"wp","href":"https:\/\/api.w.org\/{rel}","templated":true}]}}