{"id":62087,"date":"2025-02-17T13:18:43","date_gmt":"2025-02-17T12:18:43","guid":{"rendered":"https:\/\/mexpo.pl?post_type=product&#038;p=62087"},"modified":"2025-02-17T14:54:40","modified_gmt":"2025-02-17T14:54:40","slug":"headset-jeu-micro-casque-he-010","status":"publish","type":"product","link":"https:\/\/mexpo.eu\/fr\/produkt\/headset-jeu-micro-casque-he-010\/","title":{"rendered":"Headset (jeu micro-casque) HE-010"},"content":{"rendered":"<p>Bonne qualit\u00e9 sonore et grand confort de port. Il a un \u00e9couteur universel. Comprend 3 \u00e9couteurs de tailles universelles qui s&#8217;adaptent \u00e0 toutes les oreilles.<\/p>\n","protected":false},"excerpt":{"rendered":"<p>Casque (casque et microphone) HE-010, bonne qualit\u00e9 sonore et confort de port \u00e9lev\u00e9. Il dispose d&#8217;un combin\u00e9 universel. Comprend des \u00e9couteurs en 3 tailles universelles.<\/p>\n","protected":false},"featured_media":49540,"template":"","meta":{"_acf_changed":false},"product_brand":[],"product_cat":[5181],"product_tag":[],"class_list":{"0":"post-62087","1":"product","2":"type-product","3":"status-publish","4":"has-post-thumbnail","6":"product_cat-headsets-systemes-dinterphone","8":"first","9":"instock","10":"taxable","11":"shipping-taxable","12":"purchasable","13":"product-type-simple"},"acf":[],"_links":{"self":[{"href":"https:\/\/mexpo.eu\/fr\/wp-json\/wp\/v2\/product\/62087","targetHints":{"allow":["GET"]}}],"collection":[{"href":"https:\/\/mexpo.eu\/fr\/wp-json\/wp\/v2\/product"}],"about":[{"href":"https:\/\/mexpo.eu\/fr\/wp-json\/wp\/v2\/types\/product"}],"wp:featuredmedia":[{"embeddable":true,"href":"https:\/\/mexpo.eu\/fr\/wp-json\/wp\/v2\/media\/49540"}],"wp:attachment":[{"href":"https:\/\/mexpo.eu\/fr\/wp-json\/wp\/v2\/media?parent=62087"}],"wp:term":[{"taxonomy":"product_brand","embeddable":true,"href":"https:\/\/mexpo.eu\/fr\/wp-json\/wp\/v2\/product_brand?post=62087"},{"taxonomy":"product_cat","embeddable":true,"href":"https:\/\/mexpo.eu\/fr\/wp-json\/wp\/v2\/product_cat?post=62087"},{"taxonomy":"product_tag","embeddable":true,"href":"https:\/\/mexpo.eu\/fr\/wp-json\/wp\/v2\/product_tag?post=62087"}],"curies":[{"name":"wp","href":"https:\/\/api.w.org\/{rel}","templated":true}]}}