{"id":62059,"date":"2025-02-17T13:18:24","date_gmt":"2025-02-17T12:18:24","guid":{"rendered":"https:\/\/mexpo.pl?post_type=product&#038;p=62059"},"modified":"2025-02-17T14:54:20","modified_gmt":"2025-02-17T14:54:20","slug":"headset-jeu-micro-casque-he-003","status":"publish","type":"product","link":"https:\/\/mexpo.eu\/fr\/produkt\/headset-jeu-micro-casque-he-003\/","title":{"rendered":"Headset (jeu micro-casque) HE-003"},"content":{"rendered":"<p>Combinaison d&#8217;\u00e9couteur et de microphone \u00e0 bille. Les \u00e9couteurs sont confortables \u00e0 utiliser en raison de la forme de la lettre D au-dessus de l&#8217;oreille. Gr\u00e2ce \u00e0 son ajustement confortable, il convient \u00e0 une utilisation \u00e0 long terme. L&#8217;\u00e9couteur peut \u00eatre port\u00e9 sur le c\u00f4t\u00e9 gauche ou droit.<\/p>\n","protected":false},"excerpt":{"rendered":"<p>Casque HE-003, combinaison d&#8217;\u00e9couteur et de microphone \u00e0 bille. Confortable \u00e0 utiliser, pour une utilisation \u00e0 long terme. Pour l&#8217;oreille droite et gauche.<\/p>\n","protected":false},"featured_media":49500,"template":"","meta":{"_acf_changed":false},"product_brand":[],"product_cat":[5181],"product_tag":[],"class_list":{"0":"post-62059","1":"product","2":"type-product","3":"status-publish","4":"has-post-thumbnail","6":"product_cat-headsets-systemes-dinterphone","8":"first","9":"instock","10":"taxable","11":"shipping-taxable","12":"purchasable","13":"product-type-simple"},"acf":[],"_links":{"self":[{"href":"https:\/\/mexpo.eu\/fr\/wp-json\/wp\/v2\/product\/62059","targetHints":{"allow":["GET"]}}],"collection":[{"href":"https:\/\/mexpo.eu\/fr\/wp-json\/wp\/v2\/product"}],"about":[{"href":"https:\/\/mexpo.eu\/fr\/wp-json\/wp\/v2\/types\/product"}],"wp:featuredmedia":[{"embeddable":true,"href":"https:\/\/mexpo.eu\/fr\/wp-json\/wp\/v2\/media\/49500"}],"wp:attachment":[{"href":"https:\/\/mexpo.eu\/fr\/wp-json\/wp\/v2\/media?parent=62059"}],"wp:term":[{"taxonomy":"product_brand","embeddable":true,"href":"https:\/\/mexpo.eu\/fr\/wp-json\/wp\/v2\/product_brand?post=62059"},{"taxonomy":"product_cat","embeddable":true,"href":"https:\/\/mexpo.eu\/fr\/wp-json\/wp\/v2\/product_cat?post=62059"},{"taxonomy":"product_tag","embeddable":true,"href":"https:\/\/mexpo.eu\/fr\/wp-json\/wp\/v2\/product_tag?post=62059"}],"curies":[{"name":"wp","href":"https:\/\/api.w.org\/{rel}","templated":true}]}}