{"id":62045,"date":"2025-02-17T13:18:07","date_gmt":"2025-02-17T13:18:07","guid":{"rendered":"https:\/\/mexpo.pl?post_type=product&#038;p=62045"},"modified":"2025-02-17T14:54:12","modified_gmt":"2025-02-17T14:54:12","slug":"headset-jeu-micro-casque-tm01-mg","status":"publish","type":"product","link":"https:\/\/mexpo.eu\/fr\/produkt\/headset-jeu-micro-casque-tm01-mg\/","title":{"rendered":"Headset (jeu micro-casque) TM01-MG"},"content":{"rendered":"<p>Le microphone de gorge est la solution dans les situations avec beaucoup de bruit ambiant ou la n\u00e9cessit\u00e9 de se couvrir le visage. Une partie du microphone est bien ajust\u00e9e autour de votre gorge pour bloquer la plupart des bruits ambiants. La construction durable le rend l\u00e9ger et confortable \u00e0 porter. Il a un bouton &#8220;mute&#8221;.<\/p>\n","protected":false},"excerpt":{"rendered":"<p>Casque (\u00e9couteur et microphone) TM01-MG, microphone laryng\u00e9. adh\u00e8re \u00e0 la gorge, bloquant la plupart des sons ambiants. Construction durable, assure l\u00e9g\u00e8ret\u00e9 et confort de port. Il dispose d&#8217;un bouton &#8220;muet&#8221;. Marc Maytel. Compatibilit\u00e9 Maytel Grand Multicom.<\/p>\n","protected":false},"featured_media":49456,"template":"","meta":{"_acf_changed":false},"product_brand":[],"product_cat":[5181],"product_tag":[],"class_list":{"0":"post-62045","1":"product","2":"type-product","3":"status-publish","4":"has-post-thumbnail","6":"product_cat-headsets-systemes-dinterphone","8":"first","9":"instock","10":"taxable","11":"shipping-taxable","12":"purchasable","13":"product-type-simple"},"acf":[],"_links":{"self":[{"href":"https:\/\/mexpo.eu\/fr\/wp-json\/wp\/v2\/product\/62045","targetHints":{"allow":["GET"]}}],"collection":[{"href":"https:\/\/mexpo.eu\/fr\/wp-json\/wp\/v2\/product"}],"about":[{"href":"https:\/\/mexpo.eu\/fr\/wp-json\/wp\/v2\/types\/product"}],"wp:featuredmedia":[{"embeddable":true,"href":"https:\/\/mexpo.eu\/fr\/wp-json\/wp\/v2\/media\/49456"}],"wp:attachment":[{"href":"https:\/\/mexpo.eu\/fr\/wp-json\/wp\/v2\/media?parent=62045"}],"wp:term":[{"taxonomy":"product_brand","embeddable":true,"href":"https:\/\/mexpo.eu\/fr\/wp-json\/wp\/v2\/product_brand?post=62045"},{"taxonomy":"product_cat","embeddable":true,"href":"https:\/\/mexpo.eu\/fr\/wp-json\/wp\/v2\/product_cat?post=62045"},{"taxonomy":"product_tag","embeddable":true,"href":"https:\/\/mexpo.eu\/fr\/wp-json\/wp\/v2\/product_tag?post=62045"}],"curies":[{"name":"wp","href":"https:\/\/api.w.org\/{rel}","templated":true}]}}