{"id":62031,"date":"2025-02-17T13:18:05","date_gmt":"2025-02-17T13:18:05","guid":{"rendered":"https:\/\/mexpo.pl?post_type=product&#038;p=62031"},"modified":"2025-02-17T14:54:04","modified_gmt":"2025-02-17T14:54:04","slug":"headset-jeu-micro-casque-sm-100lpg","status":"publish","type":"product","link":"https:\/\/mexpo.eu\/fr\/produkt\/headset-jeu-micro-casque-sm-100lpg\/","title":{"rendered":"Headset (jeu micro-casque) SM-100LPG"},"content":{"rendered":"<p>Le casque l\u00e9ger, r\u00e9sistant \u00e0 l&#8217;eau et \u00e0 la poussi\u00e8re est l&#8217;ensemble parfait pour les arbitres sportifs o\u00f9 un contact constant et fiable les uns avec les autres est requis. Il poss\u00e8de un support suppl\u00e9mentaire pour l&#8217;oreille externe, un support pour l&#8217;oreille interne, un \u00e9couteur (pour l&#8217;oreille gauche) avec un microphone omnidirectionnel activ\u00e9 au moyen du bouton PTT (Push-To-Talk).<\/p>\n","protected":false},"excerpt":{"rendered":"<p>Casque (casque et microphone) SM-100LPG, casque l\u00e9ger, r\u00e9sistant \u00e0 l&#8217;eau et \u00e0 la poussi\u00e8re, est un ensemble id\u00e9al pour les arbitres sportifs o\u00f9 un contact constant et fiable les uns avec les autres est requis. Support suppl\u00e9mentaire pour l&#8217;oreille externe, support pour l&#8217;oreille interne, \u00e9couteur (pour l&#8217;oreille gauche) avec un microphone omnidirectionnel activ\u00e9 par le bouton PTT (Push-To-Talk). Marque Maytel, compatibilit\u00e9 Maytel Grand Multicom.<\/p>\n","protected":false},"featured_media":49444,"template":"","meta":{"_acf_changed":false},"product_brand":[],"product_cat":[5181],"product_tag":[],"class_list":{"0":"post-62031","1":"product","2":"type-product","3":"status-publish","4":"has-post-thumbnail","6":"product_cat-headsets-systemes-dinterphone","8":"first","9":"instock","10":"taxable","11":"shipping-taxable","12":"purchasable","13":"product-type-simple"},"acf":[],"_links":{"self":[{"href":"https:\/\/mexpo.eu\/fr\/wp-json\/wp\/v2\/product\/62031","targetHints":{"allow":["GET"]}}],"collection":[{"href":"https:\/\/mexpo.eu\/fr\/wp-json\/wp\/v2\/product"}],"about":[{"href":"https:\/\/mexpo.eu\/fr\/wp-json\/wp\/v2\/types\/product"}],"wp:featuredmedia":[{"embeddable":true,"href":"https:\/\/mexpo.eu\/fr\/wp-json\/wp\/v2\/media\/49444"}],"wp:attachment":[{"href":"https:\/\/mexpo.eu\/fr\/wp-json\/wp\/v2\/media?parent=62031"}],"wp:term":[{"taxonomy":"product_brand","embeddable":true,"href":"https:\/\/mexpo.eu\/fr\/wp-json\/wp\/v2\/product_brand?post=62031"},{"taxonomy":"product_cat","embeddable":true,"href":"https:\/\/mexpo.eu\/fr\/wp-json\/wp\/v2\/product_cat?post=62031"},{"taxonomy":"product_tag","embeddable":true,"href":"https:\/\/mexpo.eu\/fr\/wp-json\/wp\/v2\/product_tag?post=62031"}],"curies":[{"name":"wp","href":"https:\/\/api.w.org\/{rel}","templated":true}]}}