{"id":62010,"date":"2025-02-17T13:17:47","date_gmt":"2025-02-17T13:17:47","guid":{"rendered":"https:\/\/mexpo.pl?post_type=product&#038;p=62010"},"modified":"2025-02-17T14:53:50","modified_gmt":"2025-02-17T14:53:50","slug":"headset-jeu-micro-casque-tem-01g","status":"publish","type":"product","link":"https:\/\/mexpo.eu\/fr\/produkt\/headset-jeu-micro-casque-tem-01g\/","title":{"rendered":"Headset (jeu micro-casque) TEM-01G"},"content":{"rendered":"<p>Un casque con\u00e7u pour les personnes travaillant dans la s\u00e9curit\u00e9, la gastronomie ou qui souhaitent communiquer sans \u00e9couteurs accrocheurs. Oreillette transparente avec microphone \u00e0 pince \u00e0 cravate haute sensibilit\u00e9.<\/p>\n","protected":false},"excerpt":{"rendered":"<p>Casque (\u00e9couteur et microphone) TEM-01G. \u00c9couteur \u00e0 tube d&#8217;air transparent avec microphone lavalier haute sensibilit\u00e9. Combin\u00e9 discret. Marque Maytel, compatibilit\u00e9 Maytel Grand Multicom.<\/p>\n","protected":false},"featured_media":49390,"template":"","meta":{"_acf_changed":false},"product_brand":[],"product_cat":[5181],"product_tag":[],"class_list":{"0":"post-62010","1":"product","2":"type-product","3":"status-publish","4":"has-post-thumbnail","6":"product_cat-headsets-systemes-dinterphone","8":"first","9":"instock","10":"taxable","11":"shipping-taxable","12":"purchasable","13":"product-type-simple"},"acf":[],"_links":{"self":[{"href":"https:\/\/mexpo.eu\/fr\/wp-json\/wp\/v2\/product\/62010","targetHints":{"allow":["GET"]}}],"collection":[{"href":"https:\/\/mexpo.eu\/fr\/wp-json\/wp\/v2\/product"}],"about":[{"href":"https:\/\/mexpo.eu\/fr\/wp-json\/wp\/v2\/types\/product"}],"wp:featuredmedia":[{"embeddable":true,"href":"https:\/\/mexpo.eu\/fr\/wp-json\/wp\/v2\/media\/49390"}],"wp:attachment":[{"href":"https:\/\/mexpo.eu\/fr\/wp-json\/wp\/v2\/media?parent=62010"}],"wp:term":[{"taxonomy":"product_brand","embeddable":true,"href":"https:\/\/mexpo.eu\/fr\/wp-json\/wp\/v2\/product_brand?post=62010"},{"taxonomy":"product_cat","embeddable":true,"href":"https:\/\/mexpo.eu\/fr\/wp-json\/wp\/v2\/product_cat?post=62010"},{"taxonomy":"product_tag","embeddable":true,"href":"https:\/\/mexpo.eu\/fr\/wp-json\/wp\/v2\/product_tag?post=62010"}],"curies":[{"name":"wp","href":"https:\/\/api.w.org\/{rel}","templated":true}]}}