{"id":62003,"date":"2025-02-17T13:17:46","date_gmt":"2025-02-17T13:17:46","guid":{"rendered":"https:\/\/mexpo.pl?post_type=product&#038;p=62003"},"modified":"2025-02-17T14:53:48","modified_gmt":"2025-02-17T14:53:48","slug":"headset-jeu-micro-casque-hsb-02g","status":"publish","type":"product","link":"https:\/\/mexpo.eu\/fr\/produkt\/headset-jeu-micro-casque-hsb-02g\/","title":{"rendered":"Headset (jeu micro-casque) HSB-02G"},"content":{"rendered":"<p>Micro-casque l\u00e9ger avec oreillette unique, microphone col de cygne r\u00e9glable, serre-t\u00eate r\u00e9glable en m\u00e9tal pour une durabilit\u00e9 accrue et c\u00e2ble de bobine acoustique robuste.<\/p>\n","protected":false},"excerpt":{"rendered":"<p>Casque (\u00e9couteur et microphone) HSB-02G. Casque serre-t\u00eate l\u00e9ger, conception supra-auriculaire unique, microphone sur tige \u00e0 col de cygne r\u00e9glable, r\u00e9glable avec un arceau en m\u00e9tal pour une plus grande durabilit\u00e9 et c\u00e2ble spiral\u00e9 durable. Compatibilit\u00e9 de la marque Maytel. Maytel Grand Multicom.<\/p>\n","protected":false},"featured_media":49378,"template":"","meta":{"_acf_changed":false},"product_brand":[],"product_cat":[5181],"product_tag":[],"class_list":{"0":"post-62003","1":"product","2":"type-product","3":"status-publish","4":"has-post-thumbnail","6":"product_cat-headsets-systemes-dinterphone","8":"first","9":"instock","10":"taxable","11":"shipping-taxable","12":"purchasable","13":"product-type-simple"},"acf":[],"_links":{"self":[{"href":"https:\/\/mexpo.eu\/fr\/wp-json\/wp\/v2\/product\/62003","targetHints":{"allow":["GET"]}}],"collection":[{"href":"https:\/\/mexpo.eu\/fr\/wp-json\/wp\/v2\/product"}],"about":[{"href":"https:\/\/mexpo.eu\/fr\/wp-json\/wp\/v2\/types\/product"}],"wp:featuredmedia":[{"embeddable":true,"href":"https:\/\/mexpo.eu\/fr\/wp-json\/wp\/v2\/media\/49378"}],"wp:attachment":[{"href":"https:\/\/mexpo.eu\/fr\/wp-json\/wp\/v2\/media?parent=62003"}],"wp:term":[{"taxonomy":"product_brand","embeddable":true,"href":"https:\/\/mexpo.eu\/fr\/wp-json\/wp\/v2\/product_brand?post=62003"},{"taxonomy":"product_cat","embeddable":true,"href":"https:\/\/mexpo.eu\/fr\/wp-json\/wp\/v2\/product_cat?post=62003"},{"taxonomy":"product_tag","embeddable":true,"href":"https:\/\/mexpo.eu\/fr\/wp-json\/wp\/v2\/product_tag?post=62003"}],"curies":[{"name":"wp","href":"https:\/\/api.w.org\/{rel}","templated":true}]}}