{"id":61996,"date":"2025-02-17T13:17:45","date_gmt":"2025-02-17T13:17:45","guid":{"rendered":"https:\/\/mexpo.pl?post_type=product&#038;p=61996"},"modified":"2025-02-17T14:53:42","modified_gmt":"2025-02-17T14:53:42","slug":"headset-jeu-micro-casque-hdb-02g","status":"publish","type":"product","link":"https:\/\/mexpo.eu\/fr\/produkt\/headset-jeu-micro-casque-hdb-02g\/","title":{"rendered":"Headset (jeu micro-casque) HDB-02G"},"content":{"rendered":"<p>Un casque durable qui r\u00e9duit consid\u00e9rablement le bruit ambiant, id\u00e9al pour travailler dans un environnement avec des niveaux de bruit \u00e9lev\u00e9s. L&#8217;utilisateur dispose d&#8217;un potentiom\u00e8tre de volume micro et d&#8217;un bouton \u00ab mute \u00bb sur le c\u00e2ble.<\/p>\n","protected":false},"excerpt":{"rendered":"<p>Casque (\u00e9couteur et microphone) HDB-02G. Casque r\u00e9sistant assurant une r\u00e9duction significative du bruit ambiant. Potentiom\u00e8tre de volume du microphone et bouton mute. Marc Maytel. Compatibilit\u00e9 Maytel Grand Multicom.<\/p>\n","protected":false},"featured_media":49354,"template":"","meta":{"_acf_changed":false},"product_brand":[],"product_cat":[5181],"product_tag":[],"class_list":{"0":"post-61996","1":"product","2":"type-product","3":"status-publish","4":"has-post-thumbnail","6":"product_cat-headsets-systemes-dinterphone","8":"first","9":"instock","10":"taxable","11":"shipping-taxable","12":"purchasable","13":"product-type-simple"},"acf":[],"_links":{"self":[{"href":"https:\/\/mexpo.eu\/fr\/wp-json\/wp\/v2\/product\/61996","targetHints":{"allow":["GET"]}}],"collection":[{"href":"https:\/\/mexpo.eu\/fr\/wp-json\/wp\/v2\/product"}],"about":[{"href":"https:\/\/mexpo.eu\/fr\/wp-json\/wp\/v2\/types\/product"}],"wp:featuredmedia":[{"embeddable":true,"href":"https:\/\/mexpo.eu\/fr\/wp-json\/wp\/v2\/media\/49354"}],"wp:attachment":[{"href":"https:\/\/mexpo.eu\/fr\/wp-json\/wp\/v2\/media?parent=61996"}],"wp:term":[{"taxonomy":"product_brand","embeddable":true,"href":"https:\/\/mexpo.eu\/fr\/wp-json\/wp\/v2\/product_brand?post=61996"},{"taxonomy":"product_cat","embeddable":true,"href":"https:\/\/mexpo.eu\/fr\/wp-json\/wp\/v2\/product_cat?post=61996"},{"taxonomy":"product_tag","embeddable":true,"href":"https:\/\/mexpo.eu\/fr\/wp-json\/wp\/v2\/product_tag?post=61996"}],"curies":[{"name":"wp","href":"https:\/\/api.w.org\/{rel}","templated":true}]}}