{"id":61989,"date":"2025-02-17T13:17:45","date_gmt":"2025-02-17T13:17:45","guid":{"rendered":"https:\/\/mexpo.pl?post_type=product&#038;p=61989"},"modified":"2025-02-17T14:53:40","modified_gmt":"2025-02-17T14:53:40","slug":"headset-jeu-micro-casque-hem-30","status":"publish","type":"product","link":"https:\/\/mexpo.eu\/fr\/produkt\/headset-jeu-micro-casque-hem-30\/","title":{"rendered":"Headset (jeu micro-casque) HEM-30"},"content":{"rendered":"<p>Casque mono l\u00e9ger et professionnel. Bandeau avec un \u00e9couteur sur un c\u00e2ble. Il s&#8217;adapte \u00e0 chaque utilisateur individuellement. L&#8217;\u00e9couteur offre une plus grande r\u00e9duction du bruit de l&#8217;environnement, et donc une meilleure r\u00e9ception de la transmission.<\/p>\n","protected":false},"excerpt":{"rendered":"<p>Casque (\u00e9couteur et microphone) HEM-30. Casque mono l\u00e9ger et professionnel. Bandeau avec \u00e9couteur sur c\u00e2ble. Il s&#8217;adapte \u00e0 chaque utilisateur individuellement. L&#8217;\u00e9couteur offre une plus grande r\u00e9duction du bruit ambiant.<\/p>\n","protected":false},"featured_media":49348,"template":"","meta":{"_acf_changed":false},"product_brand":[],"product_cat":[5181],"product_tag":[],"class_list":{"0":"post-61989","1":"product","2":"type-product","3":"status-publish","4":"has-post-thumbnail","6":"product_cat-headsets-systemes-dinterphone","8":"first","9":"instock","10":"taxable","11":"shipping-taxable","12":"purchasable","13":"product-type-simple"},"acf":[],"_links":{"self":[{"href":"https:\/\/mexpo.eu\/fr\/wp-json\/wp\/v2\/product\/61989","targetHints":{"allow":["GET"]}}],"collection":[{"href":"https:\/\/mexpo.eu\/fr\/wp-json\/wp\/v2\/product"}],"about":[{"href":"https:\/\/mexpo.eu\/fr\/wp-json\/wp\/v2\/types\/product"}],"wp:featuredmedia":[{"embeddable":true,"href":"https:\/\/mexpo.eu\/fr\/wp-json\/wp\/v2\/media\/49348"}],"wp:attachment":[{"href":"https:\/\/mexpo.eu\/fr\/wp-json\/wp\/v2\/media?parent=61989"}],"wp:term":[{"taxonomy":"product_brand","embeddable":true,"href":"https:\/\/mexpo.eu\/fr\/wp-json\/wp\/v2\/product_brand?post=61989"},{"taxonomy":"product_cat","embeddable":true,"href":"https:\/\/mexpo.eu\/fr\/wp-json\/wp\/v2\/product_cat?post=61989"},{"taxonomy":"product_tag","embeddable":true,"href":"https:\/\/mexpo.eu\/fr\/wp-json\/wp\/v2\/product_tag?post=61989"}],"curies":[{"name":"wp","href":"https:\/\/api.w.org\/{rel}","templated":true}]}}