{"id":61982,"date":"2025-02-17T13:17:28","date_gmt":"2025-02-17T13:17:28","guid":{"rendered":"https:\/\/mexpo.pl?post_type=product&#038;p=61982"},"modified":"2025-02-17T14:53:34","modified_gmt":"2025-02-17T14:53:34","slug":"headset-jeu-micro-casque-hem-20","status":"publish","type":"product","link":"https:\/\/mexpo.eu\/fr\/produkt\/headset-jeu-micro-casque-hem-20\/","title":{"rendered":"Headset (jeu micro-casque) HEM-20"},"content":{"rendered":"<p>Casque mono l\u00e9ger et professionnel. Il offre des conditions de travail confortables et une qualit\u00e9 de r\u00e9ception de transmission \u00e9lev\u00e9e.<\/p>\n","protected":false},"excerpt":{"rendered":"<p>Casque (\u00e9couteur et microphone) HEM-20. Casque mono l\u00e9ger et professionnel. Casque. Il garantit des conditions de travail confortables et une haute qualit\u00e9 de r\u00e9ception des transmissions.<\/p>\n","protected":false},"featured_media":49342,"template":"","meta":{"_acf_changed":false},"product_brand":[],"product_cat":[5181],"product_tag":[],"class_list":{"0":"post-61982","1":"product","2":"type-product","3":"status-publish","4":"has-post-thumbnail","6":"product_cat-headsets-systemes-dinterphone","8":"first","9":"instock","10":"taxable","11":"shipping-taxable","12":"purchasable","13":"product-type-simple"},"acf":[],"_links":{"self":[{"href":"https:\/\/mexpo.eu\/fr\/wp-json\/wp\/v2\/product\/61982","targetHints":{"allow":["GET"]}}],"collection":[{"href":"https:\/\/mexpo.eu\/fr\/wp-json\/wp\/v2\/product"}],"about":[{"href":"https:\/\/mexpo.eu\/fr\/wp-json\/wp\/v2\/types\/product"}],"wp:featuredmedia":[{"embeddable":true,"href":"https:\/\/mexpo.eu\/fr\/wp-json\/wp\/v2\/media\/49342"}],"wp:attachment":[{"href":"https:\/\/mexpo.eu\/fr\/wp-json\/wp\/v2\/media?parent=61982"}],"wp:term":[{"taxonomy":"product_brand","embeddable":true,"href":"https:\/\/mexpo.eu\/fr\/wp-json\/wp\/v2\/product_brand?post=61982"},{"taxonomy":"product_cat","embeddable":true,"href":"https:\/\/mexpo.eu\/fr\/wp-json\/wp\/v2\/product_cat?post=61982"},{"taxonomy":"product_tag","embeddable":true,"href":"https:\/\/mexpo.eu\/fr\/wp-json\/wp\/v2\/product_tag?post=61982"}],"curies":[{"name":"wp","href":"https:\/\/api.w.org\/{rel}","templated":true}]}}