{"id":61968,"date":"2025-02-17T13:17:26","date_gmt":"2025-02-17T13:17:26","guid":{"rendered":"https:\/\/mexpo.pl?post_type=product&#038;p=61968"},"modified":"2025-02-17T14:53:25","modified_gmt":"2025-02-17T14:53:25","slug":"headset-jeu-micro-casque-lmr-12","status":"publish","type":"product","link":"https:\/\/mexpo.eu\/fr\/produkt\/headset-jeu-micro-casque-lmr-12\/","title":{"rendered":"Headset (jeu micro-casque) LMR-12"},"content":{"rendered":"<p>Un micro-cravate avec un \u00e9couteur sur un support \u00e9lastique en caoutchouc. Il dispose d&#8217;un r\u00e9glage de la sensibilit\u00e9 du microphone, d&#8217;un bouton de sourdine et d&#8217;une entr\u00e9e auxiliaire de 3,5 mm.<\/p>\n","protected":false},"excerpt":{"rendered":"<p>Casque (\u00e9couteur et microphone) LMR-12. Microphone cravate avec \u00e9couteur sur pendentif flexible en caoutchouc. R\u00e9glage de la sensibilit\u00e9 du microphone, bouton muet et entr\u00e9e auxiliaire 3,5 mm. Compatibilit\u00e9 mGuide DLR-01.<\/p>\n","protected":false},"featured_media":49308,"template":"","meta":{"_acf_changed":false},"product_brand":[],"product_cat":[5181],"product_tag":[],"class_list":{"0":"post-61968","1":"product","2":"type-product","3":"status-publish","4":"has-post-thumbnail","6":"product_cat-headsets-systemes-dinterphone","8":"first","9":"instock","10":"taxable","11":"shipping-taxable","12":"purchasable","13":"product-type-simple"},"acf":[],"_links":{"self":[{"href":"https:\/\/mexpo.eu\/fr\/wp-json\/wp\/v2\/product\/61968","targetHints":{"allow":["GET"]}}],"collection":[{"href":"https:\/\/mexpo.eu\/fr\/wp-json\/wp\/v2\/product"}],"about":[{"href":"https:\/\/mexpo.eu\/fr\/wp-json\/wp\/v2\/types\/product"}],"wp:featuredmedia":[{"embeddable":true,"href":"https:\/\/mexpo.eu\/fr\/wp-json\/wp\/v2\/media\/49308"}],"wp:attachment":[{"href":"https:\/\/mexpo.eu\/fr\/wp-json\/wp\/v2\/media?parent=61968"}],"wp:term":[{"taxonomy":"product_brand","embeddable":true,"href":"https:\/\/mexpo.eu\/fr\/wp-json\/wp\/v2\/product_brand?post=61968"},{"taxonomy":"product_cat","embeddable":true,"href":"https:\/\/mexpo.eu\/fr\/wp-json\/wp\/v2\/product_cat?post=61968"},{"taxonomy":"product_tag","embeddable":true,"href":"https:\/\/mexpo.eu\/fr\/wp-json\/wp\/v2\/product_tag?post=61968"}],"curies":[{"name":"wp","href":"https:\/\/api.w.org\/{rel}","templated":true}]}}