{"id":61947,"date":"2025-02-17T13:17:07","date_gmt":"2025-02-17T13:17:07","guid":{"rendered":"https:\/\/mexpo.pl?post_type=product&#038;p=61947"},"modified":"2025-02-17T14:53:14","modified_gmt":"2025-02-17T14:53:14","slug":"microphone-lm-90a","status":"publish","type":"product","link":"https:\/\/mexpo.eu\/fr\/produkt\/microphone-lm-90a\/","title":{"rendered":"Microphone LM-90A"},"content":{"rendered":"<p>Microphone unidirectionnel de cravatte (appel\u00e9 aussi de revers ou avec clip).<\/p>\n","protected":false},"excerpt":{"rendered":"<p>Micro LM-90A. Micro-cravate unidirectionnel (\u00e9galement appel\u00e9 micro-cravate ou micro-cravate). Compatibilit\u00e9 Okayo WT-300 G2, Okayo WT-350, mGuide DLR-01, mGuide Pellegrino.<\/p>\n","protected":false},"featured_media":49292,"template":"","meta":{"_acf_changed":false},"product_brand":[],"product_cat":[5182],"product_tag":[],"class_list":{"0":"post-61947","1":"product","2":"type-product","3":"status-publish","4":"has-post-thumbnail","6":"product_cat-microphones-systemes-tour-guide","8":"first","9":"instock","10":"taxable","11":"shipping-taxable","12":"purchasable","13":"product-type-simple"},"acf":[],"_links":{"self":[{"href":"https:\/\/mexpo.eu\/fr\/wp-json\/wp\/v2\/product\/61947","targetHints":{"allow":["GET"]}}],"collection":[{"href":"https:\/\/mexpo.eu\/fr\/wp-json\/wp\/v2\/product"}],"about":[{"href":"https:\/\/mexpo.eu\/fr\/wp-json\/wp\/v2\/types\/product"}],"wp:featuredmedia":[{"embeddable":true,"href":"https:\/\/mexpo.eu\/fr\/wp-json\/wp\/v2\/media\/49292"}],"wp:attachment":[{"href":"https:\/\/mexpo.eu\/fr\/wp-json\/wp\/v2\/media?parent=61947"}],"wp:term":[{"taxonomy":"product_brand","embeddable":true,"href":"https:\/\/mexpo.eu\/fr\/wp-json\/wp\/v2\/product_brand?post=61947"},{"taxonomy":"product_cat","embeddable":true,"href":"https:\/\/mexpo.eu\/fr\/wp-json\/wp\/v2\/product_cat?post=61947"},{"taxonomy":"product_tag","embeddable":true,"href":"https:\/\/mexpo.eu\/fr\/wp-json\/wp\/v2\/product_tag?post=61947"}],"curies":[{"name":"wp","href":"https:\/\/api.w.org\/{rel}","templated":true}]}}