{"id":61939,"date":"2025-02-17T13:17:06","date_gmt":"2025-02-17T13:17:06","guid":{"rendered":"https:\/\/mexpo.pl?post_type=product&#038;p=61939"},"modified":"2026-04-15T10:18:51","modified_gmt":"2026-04-15T08:18:51","slug":"oreillette-em-100-25-unites","status":"publish","type":"product","link":"https:\/\/mexpo.eu\/fr\/produkt\/oreillette-em-100-25-unites\/","title":{"rendered":"Oreillette EM-100 (25 unit\u00e9s)"},"content":{"rendered":"<p>Le casque Okayo EM-100 est un mod\u00e8le l\u00e9ger dot\u00e9 d&#8217;un crochet en plastique pour l&#8217;oreille gauche et de coussinets rempla\u00e7ables. Il est con\u00e7u pour une utilisation intensive dans les syst\u00e8mes de visites guid\u00e9es et les conf\u00e9rences.<\/p>\n","protected":false},"excerpt":{"rendered":"<p>Les \u00e9couteurs r\u00e9utilisables EM-100 offrent une excellente qualit\u00e9 sonore et une grande durabilit\u00e9. Ils sont dot\u00e9s d&#8217;un crochet d&#8217;oreille en plastique et de coussinets d&#8217;oreille rempla\u00e7ables.<\/p>\n","protected":false},"featured_media":68778,"template":"","meta":{"_acf_changed":false},"product_brand":[],"product_cat":[5183,5184],"product_tag":[],"class_list":{"0":"post-61939","1":"product","2":"type-product","3":"status-publish","4":"has-post-thumbnail","6":"product_cat-ecouteurs","7":"product_cat-ecouteurs-reutilisables","9":"first","10":"instock","11":"taxable","12":"shipping-taxable","13":"purchasable","14":"product-type-simple"},"acf":[],"_links":{"self":[{"href":"https:\/\/mexpo.eu\/fr\/wp-json\/wp\/v2\/product\/61939","targetHints":{"allow":["GET"]}}],"collection":[{"href":"https:\/\/mexpo.eu\/fr\/wp-json\/wp\/v2\/product"}],"about":[{"href":"https:\/\/mexpo.eu\/fr\/wp-json\/wp\/v2\/types\/product"}],"wp:featuredmedia":[{"embeddable":true,"href":"https:\/\/mexpo.eu\/fr\/wp-json\/wp\/v2\/media\/68778"}],"wp:attachment":[{"href":"https:\/\/mexpo.eu\/fr\/wp-json\/wp\/v2\/media?parent=61939"}],"wp:term":[{"taxonomy":"product_brand","embeddable":true,"href":"https:\/\/mexpo.eu\/fr\/wp-json\/wp\/v2\/product_brand?post=61939"},{"taxonomy":"product_cat","embeddable":true,"href":"https:\/\/mexpo.eu\/fr\/wp-json\/wp\/v2\/product_cat?post=61939"},{"taxonomy":"product_tag","embeddable":true,"href":"https:\/\/mexpo.eu\/fr\/wp-json\/wp\/v2\/product_tag?post=61939"}],"curies":[{"name":"wp","href":"https:\/\/api.w.org\/{rel}","templated":true}]}}