{"id":61809,"date":"2025-02-17T13:15:58","date_gmt":"2025-02-17T13:15:58","guid":{"rendered":"https:\/\/mexpo.pl?post_type=product&#038;p=61809"},"modified":"2025-02-17T14:52:39","modified_gmt":"2025-02-17T14:52:39","slug":"chargeur-dans-la-mallette-okayo-chg-5","status":"publish","type":"product","link":"https:\/\/mexpo.eu\/fr\/produkt\/chargeur-dans-la-mallette-okayo-chg-5\/","title":{"rendered":"Chargeur dans la mallette Okayo CHG-5"},"content":{"rendered":"<p>Le chargeur dispose de 5 emplacements pour charger les interphones FreeCom. Chaque emplacement a une LED d&#8217;\u00e9tat de la batterie qui indique quand la batterie est compl\u00e8tement charg\u00e9e. Le panneau de commande avec \u00e9cran LCD permet la synchronisation simultan\u00e9e des canaux de toutes les unit\u00e9s plac\u00e9es en quelques secondes.<\/p>\n<p>L&#8217;\u00e9tui compact a une poign\u00e9e int\u00e9gr\u00e9e pour une portabilit\u00e9 facile et est suffisamment petit pour \u00eatre utilis\u00e9 comme bagage \u00e0 main en voyage. Le bo\u00eetier durable prot\u00e8ge les appareils pendant le transport et le stockage.<\/p>\n<p>Caract\u00e9ristiques:<br \/>\n&#8211; 5 emplacements de charge universels<br \/>\n&#8211; Panneau de commande LCD r\u00e9tro\u00e9clair\u00e9 avec synchronisation des canaux<br \/>\n&#8211; Indicateurs LED pour l&#8217;\u00e9tat de l&#8217;alimentation<br \/>\n&#8211; Construction l\u00e9g\u00e8re mais solide<br \/>\n&#8211; L&#8217;int\u00e9rieur est en mousse<\/p>\n","protected":false},"excerpt":{"rendered":"<p>Okayo CHG-5 &#8211; le chargeur dispose de 5 emplacements pour charger les interphones FreeCom. Panneau de commande LCD r\u00e9tro\u00e9clair\u00e9 avec synchronisation des canaux. Construction l\u00e9g\u00e8re mais solide. Compatibilit\u00e9 Okayo FreeCom, Okayo OTG-200.<\/p>\n","protected":false},"featured_media":49152,"template":"","meta":{"_acf_changed":false},"product_brand":[],"product_cat":[5177,5330],"product_tag":[],"class_list":{"0":"post-61809","1":"product","2":"type-product","3":"status-publish","4":"has-post-thumbnail","6":"product_cat-chargeurs","7":"product_cat-chargeurs-pour-systemes-dintercoms","9":"first","10":"instock","11":"taxable","12":"shipping-taxable","13":"purchasable","14":"product-type-simple"},"acf":[],"_links":{"self":[{"href":"https:\/\/mexpo.eu\/fr\/wp-json\/wp\/v2\/product\/61809","targetHints":{"allow":["GET"]}}],"collection":[{"href":"https:\/\/mexpo.eu\/fr\/wp-json\/wp\/v2\/product"}],"about":[{"href":"https:\/\/mexpo.eu\/fr\/wp-json\/wp\/v2\/types\/product"}],"wp:featuredmedia":[{"embeddable":true,"href":"https:\/\/mexpo.eu\/fr\/wp-json\/wp\/v2\/media\/49152"}],"wp:attachment":[{"href":"https:\/\/mexpo.eu\/fr\/wp-json\/wp\/v2\/media?parent=61809"}],"wp:term":[{"taxonomy":"product_brand","embeddable":true,"href":"https:\/\/mexpo.eu\/fr\/wp-json\/wp\/v2\/product_brand?post=61809"},{"taxonomy":"product_cat","embeddable":true,"href":"https:\/\/mexpo.eu\/fr\/wp-json\/wp\/v2\/product_cat?post=61809"},{"taxonomy":"product_tag","embeddable":true,"href":"https:\/\/mexpo.eu\/fr\/wp-json\/wp\/v2\/product_tag?post=61809"}],"curies":[{"name":"wp","href":"https:\/\/api.w.org\/{rel}","templated":true}]}}