{"id":61803,"date":"2025-02-17T13:15:41","date_gmt":"2025-02-17T13:15:41","guid":{"rendered":"https:\/\/mexpo.pl?post_type=product&#038;p=61803"},"modified":"2025-02-17T14:52:33","modified_gmt":"2025-02-17T14:52:33","slug":"chargeur-de-bureau-okayo-c5","status":"publish","type":"product","link":"https:\/\/mexpo.eu\/fr\/produkt\/chargeur-de-bureau-okayo-c5\/","title":{"rendered":"Chargeur de bureau Okayo C5"},"content":{"rendered":"<p>Le chargeur de bureau Okayo C5 avec fonction de synchronisation des canaux charge et m\u00e9morise simultan\u00e9ment jusqu&#8217;\u00e0 5 interphones FreeCom. Chaque emplacement de charge a une LED pour indiquer quand la batterie est compl\u00e8tement charg\u00e9e. Le panneau de commande avec \u00e9cran LCD permet la synchronisation simultan\u00e9e des canaux de toutes les unit\u00e9s plac\u00e9es en quelques secondes.<\/p>\n<p>Caract\u00e9ristiques:<br \/>\n&#8211; 5 emplacements de charge universels<br \/>\n&#8211; Panneau de commande LCD r\u00e9tro\u00e9clair\u00e9 avec synchronisation des canaux<br \/>\n&#8211; Indicateurs LED pour l&#8217;\u00e9tat de l&#8217;alimentation<br \/>\n&#8211; Structure autoportante compacte<\/p>\n","protected":false},"excerpt":{"rendered":"<p>Le chargeur stationnaire Okayo C5 avec fonction de synchronisation des canaux charge et stocke simultan\u00e9ment jusqu&#8217;\u00e0 5 interphones FreeCom. Panneau de commande LCD r\u00e9tro\u00e9clair\u00e9 avec synchronisation des canaux. Compatibilit\u00e9 Okayo FreeCom, Okayo OTG-200.<\/p>\n","protected":false},"featured_media":49131,"template":"","meta":{"_acf_changed":false},"product_brand":[],"product_cat":[5177,5330],"product_tag":[],"class_list":{"0":"post-61803","1":"product","2":"type-product","3":"status-publish","4":"has-post-thumbnail","6":"product_cat-chargeurs","7":"product_cat-chargeurs-pour-systemes-dintercoms","9":"first","10":"instock","11":"taxable","12":"shipping-taxable","13":"purchasable","14":"product-type-simple"},"acf":[],"_links":{"self":[{"href":"https:\/\/mexpo.eu\/fr\/wp-json\/wp\/v2\/product\/61803","targetHints":{"allow":["GET"]}}],"collection":[{"href":"https:\/\/mexpo.eu\/fr\/wp-json\/wp\/v2\/product"}],"about":[{"href":"https:\/\/mexpo.eu\/fr\/wp-json\/wp\/v2\/types\/product"}],"wp:featuredmedia":[{"embeddable":true,"href":"https:\/\/mexpo.eu\/fr\/wp-json\/wp\/v2\/media\/49131"}],"wp:attachment":[{"href":"https:\/\/mexpo.eu\/fr\/wp-json\/wp\/v2\/media?parent=61803"}],"wp:term":[{"taxonomy":"product_brand","embeddable":true,"href":"https:\/\/mexpo.eu\/fr\/wp-json\/wp\/v2\/product_brand?post=61803"},{"taxonomy":"product_cat","embeddable":true,"href":"https:\/\/mexpo.eu\/fr\/wp-json\/wp\/v2\/product_cat?post=61803"},{"taxonomy":"product_tag","embeddable":true,"href":"https:\/\/mexpo.eu\/fr\/wp-json\/wp\/v2\/product_tag?post=61803"}],"curies":[{"name":"wp","href":"https:\/\/api.w.org\/{rel}","templated":true}]}}