{"id":61791,"date":"2025-02-17T13:15:40","date_gmt":"2025-02-17T13:15:40","guid":{"rendered":"https:\/\/mexpo.pl?post_type=product&#038;p=61791"},"modified":"2025-02-17T14:52:25","modified_gmt":"2025-02-17T14:52:25","slug":"casque-mono-oreille-emc-300","status":"publish","type":"product","link":"https:\/\/mexpo.eu\/fr\/produkt\/casque-mono-oreille-emc-300\/","title":{"rendered":"Casque mono-oreille EMC-300"},"content":{"rendered":"<p>Le casque \u00e0 \u00e9couteur unique EMC-300 permet \u00e0 l&#8217;utilisateur de parler et d&#8217;entendre les autres membres du groupe de communication. La conception ergonomique du caoutchouc souple, le serre-t\u00eate r\u00e9glable du microphone et la pince \u00e0 v\u00eatements en ligne permettent \u00e0 l&#8217;utilisateur de porter le casque (sur chaque oreille) lors de longues r\u00e9unions sans se fatiguer.<\/p>\n","protected":false},"excerpt":{"rendered":"<p>Casque et microphone EMC-300. Conception ergonomique en caoutchouc souple, bandeau de microphone r\u00e9glable et pince \u00e0 v\u00eatements sur le c\u00e2ble.<\/p>\n","protected":false},"featured_media":49119,"template":"","meta":{"_acf_changed":false},"product_brand":[],"product_cat":[5181],"product_tag":[],"class_list":{"0":"post-61791","1":"product","2":"type-product","3":"status-publish","4":"has-post-thumbnail","6":"product_cat-headsets-systemes-dinterphone","8":"first","9":"instock","10":"taxable","11":"shipping-taxable","12":"purchasable","13":"product-type-simple"},"acf":[],"_links":{"self":[{"href":"https:\/\/mexpo.eu\/fr\/wp-json\/wp\/v2\/product\/61791","targetHints":{"allow":["GET"]}}],"collection":[{"href":"https:\/\/mexpo.eu\/fr\/wp-json\/wp\/v2\/product"}],"about":[{"href":"https:\/\/mexpo.eu\/fr\/wp-json\/wp\/v2\/types\/product"}],"wp:featuredmedia":[{"embeddable":true,"href":"https:\/\/mexpo.eu\/fr\/wp-json\/wp\/v2\/media\/49119"}],"wp:attachment":[{"href":"https:\/\/mexpo.eu\/fr\/wp-json\/wp\/v2\/media?parent=61791"}],"wp:term":[{"taxonomy":"product_brand","embeddable":true,"href":"https:\/\/mexpo.eu\/fr\/wp-json\/wp\/v2\/product_brand?post=61791"},{"taxonomy":"product_cat","embeddable":true,"href":"https:\/\/mexpo.eu\/fr\/wp-json\/wp\/v2\/product_cat?post=61791"},{"taxonomy":"product_tag","embeddable":true,"href":"https:\/\/mexpo.eu\/fr\/wp-json\/wp\/v2\/product_tag?post=61791"}],"curies":[{"name":"wp","href":"https:\/\/api.w.org\/{rel}","templated":true}]}}