{"id":61775,"date":"2025-02-17T13:15:21","date_gmt":"2025-02-17T13:15:21","guid":{"rendered":"https:\/\/mexpo.pl?post_type=product&#038;p=61775"},"modified":"2025-02-17T14:52:23","modified_gmt":"2025-02-17T14:52:23","slug":"ecouteurs-jetables-sj-4d","status":"publish","type":"product","link":"https:\/\/mexpo.eu\/fr\/produkt\/ecouteurs-jetables-sj-4d\/","title":{"rendered":"\u00c9couteurs jetables SJ-4D"},"content":{"rendered":"<p>\u00c9couteurs jetables SJ-4D pour 2 oreilles. Emball\u00e9 individuellement dans des sachets scell\u00e9s. Ils se caract\u00e9risent par une bonne qualit\u00e9 d&#8217;\u00e9coute.<br \/>\nLes \u00e9couteurs SJ-4D sont uniquement jetables \u00ab conventionnellement \u00bb, car leur durabilit\u00e9 est pr\u00e9vue pour une dur\u00e9e plus courte que dans le cas des \u00e9couteurs co\u00fbteux, mais cela ne signifie pas qu&#8217;ils sont de qualit\u00e9 insuffisante.<\/p>\n<p>Les \u00e9couteurs jetables sont la solution la plus hygi\u00e9nique pour servir un grand nombre d&#8217;utilisateurs, ils facilitent \u00e9galement la logistique du service de grands groupes d&#8217;excursions.<br \/>\nChaque paire d&#8217;\u00e9couteurs est emball\u00e9e dans un sac en aluminium scell\u00e9, ce qui garantit la premi\u00e8re utilisation. Gr\u00e2ce \u00e0 cette forme d&#8217;emballage, il n&#8217;est pas n\u00e9cessaire de d\u00e9sinfecter le casque avant utilisation.<\/p>\n<p>Les \u00e9couteurs SJ-4D sont universels et fonctionnent avec les mod\u00e8les mGuide Pellegrino, mais aussi avec la plupart des autres mod\u00e8les disponibles aupr\u00e8s de soci\u00e9t\u00e9s telles que Okayo ou Linkx. Apr\u00e8s le voyage ou la visite de l&#8217;installation, le casque peut \u00e9galement \u00eatre utilis\u00e9 avec d&#8217;autres appareils \u00e9quip\u00e9s d&#8217;une prise jack, comme un t\u00e9l\u00e9phone ou un ordinateur.<\/p>\n","protected":false},"excerpt":{"rendered":"<p>\u00c9couteurs jetables SJ-4D pour 2 oreilles. Emball\u00e9 individuellement dans des sachets scell\u00e9s. Ils se caract\u00e9risent par une bonne qualit\u00e9 d&#8217;\u00e9coute.<br \/>\nLes \u00e9couteurs SJ-4D sont uniquement jetables \u00ab conventionnellement \u00bb, car leur durabilit\u00e9 est pr\u00e9vue pour une dur\u00e9e plus courte que dans le cas des \u00e9couteurs co\u00fbteux, mais cela ne signifie pas qu&#8217;ils sont de qualit\u00e9 insuffisante.<\/p>\n","protected":false},"featured_media":49109,"template":"","meta":{"_acf_changed":false},"product_brand":[],"product_cat":[5183,5195],"product_tag":[],"class_list":{"0":"post-61775","1":"product","2":"type-product","3":"status-publish","4":"has-post-thumbnail","6":"product_cat-ecouteurs","7":"product_cat-ecouteurs-hygieniques-ecouteurs-jetables","9":"first","10":"outofstock","11":"taxable","12":"shipping-taxable","13":"purchasable","14":"product-type-variable"},"acf":[],"_links":{"self":[{"href":"https:\/\/mexpo.eu\/fr\/wp-json\/wp\/v2\/product\/61775","targetHints":{"allow":["GET"]}}],"collection":[{"href":"https:\/\/mexpo.eu\/fr\/wp-json\/wp\/v2\/product"}],"about":[{"href":"https:\/\/mexpo.eu\/fr\/wp-json\/wp\/v2\/types\/product"}],"wp:featuredmedia":[{"embeddable":true,"href":"https:\/\/mexpo.eu\/fr\/wp-json\/wp\/v2\/media\/49109"}],"wp:attachment":[{"href":"https:\/\/mexpo.eu\/fr\/wp-json\/wp\/v2\/media?parent=61775"}],"wp:term":[{"taxonomy":"product_brand","embeddable":true,"href":"https:\/\/mexpo.eu\/fr\/wp-json\/wp\/v2\/product_brand?post=61775"},{"taxonomy":"product_cat","embeddable":true,"href":"https:\/\/mexpo.eu\/fr\/wp-json\/wp\/v2\/product_cat?post=61775"},{"taxonomy":"product_tag","embeddable":true,"href":"https:\/\/mexpo.eu\/fr\/wp-json\/wp\/v2\/product_tag?post=61775"}],"curies":[{"name":"wp","href":"https:\/\/api.w.org\/{rel}","templated":true}]}}