{"id":61765,"date":"2025-02-17T13:15:20","date_gmt":"2025-02-17T13:15:20","guid":{"rendered":"https:\/\/mexpo.pl?post_type=product&#038;p=61765"},"modified":"2025-02-17T14:52:17","modified_gmt":"2025-02-17T14:52:17","slug":"micro-cravate-avec-ecouteur-emc-100","status":"publish","type":"product","link":"https:\/\/mexpo.eu\/fr\/produkt\/micro-cravate-avec-ecouteur-emc-100\/","title":{"rendered":"Micro cravate avec \u00e9couteur EMC-100"},"content":{"rendered":"<p>L&#8217;EMC-100 est un ensemble compos\u00e9 d&#8217;un microphone cravate avec une pince \u00e0 v\u00eatements et d&#8217;un \u00e9couteur intra-auriculaire sur un pendentif en plastique. Il se caract\u00e9rise par une petite taille et un poids imperceptible pour l&#8217;utilisateur. Un \u00e9couteur intra-auriculaire avec possibilit\u00e9 de remplacer le capuchon en caoutchouc assure une r\u00e9ception stable de la transmission.<\/p>\n","protected":false},"excerpt":{"rendered":"<p>EMC-100, micro-cravate avec pince \u00e0 v\u00eatements + \u00e9couteurs intra-auriculaires sur pendentif en plastique. Il se caract\u00e9rise par sa petite taille et son poids. Possibilit\u00e9 de remplacer le couvercle en caoutchouc. Assure une r\u00e9ception de transmission stable.<\/p>\n","protected":false},"featured_media":49101,"template":"","meta":{"_acf_changed":false},"product_brand":[],"product_cat":[5181],"product_tag":[],"class_list":{"0":"post-61765","1":"product","2":"type-product","3":"status-publish","4":"has-post-thumbnail","6":"product_cat-headsets-systemes-dinterphone","8":"first","9":"instock","10":"taxable","11":"shipping-taxable","12":"purchasable","13":"product-type-simple"},"acf":[],"_links":{"self":[{"href":"https:\/\/mexpo.eu\/fr\/wp-json\/wp\/v2\/product\/61765","targetHints":{"allow":["GET"]}}],"collection":[{"href":"https:\/\/mexpo.eu\/fr\/wp-json\/wp\/v2\/product"}],"about":[{"href":"https:\/\/mexpo.eu\/fr\/wp-json\/wp\/v2\/types\/product"}],"wp:featuredmedia":[{"embeddable":true,"href":"https:\/\/mexpo.eu\/fr\/wp-json\/wp\/v2\/media\/49101"}],"wp:attachment":[{"href":"https:\/\/mexpo.eu\/fr\/wp-json\/wp\/v2\/media?parent=61765"}],"wp:term":[{"taxonomy":"product_brand","embeddable":true,"href":"https:\/\/mexpo.eu\/fr\/wp-json\/wp\/v2\/product_brand?post=61765"},{"taxonomy":"product_cat","embeddable":true,"href":"https:\/\/mexpo.eu\/fr\/wp-json\/wp\/v2\/product_cat?post=61765"},{"taxonomy":"product_tag","embeddable":true,"href":"https:\/\/mexpo.eu\/fr\/wp-json\/wp\/v2\/product_tag?post=61765"}],"curies":[{"name":"wp","href":"https:\/\/api.w.org\/{rel}","templated":true}]}}