{"id":61755,"date":"2025-02-17T13:15:19","date_gmt":"2025-02-17T13:15:19","guid":{"rendered":"https:\/\/mexpo.pl?post_type=product&#038;p=61755"},"modified":"2025-02-17T14:52:09","modified_gmt":"2025-02-17T14:52:09","slug":"okayo-freecom-avec-accessoires-2-unites-interphone-sans-fil-pour-les-entreprises-lindustrie-ou-leducation","status":"publish","type":"product","link":"https:\/\/mexpo.eu\/fr\/produkt\/okayo-freecom-avec-accessoires-2-unites-interphone-sans-fil-pour-les-entreprises-lindustrie-ou-leducation\/","title":{"rendered":"Okayo FreeCom avec accessoires: 2 unit\u00e9s \u2013 interphone sans fil pour les entreprises, l\u2019industrie ou l\u2019\u00e9ducation"},"content":{"rendered":"<p>FreeCom est un syst\u00e8me d&#8217;intercom \u00e0 la pointe de la technologie, bidirectionnel, mains libres, duplex int\u00e9gral, du fabricant ta\u00efwanais de renomm\u00e9e mondiale Okayo. Jusqu&#8217;\u00e0 6 utilisateurs d&#8217;un groupe illimit\u00e9 d&#8217;appareils peuvent se communiquer simultan\u00e9ment. Il se distingue par une s\u00e9rie de fonctions et de r\u00e9glages suppl\u00e9mentaires.<\/p>\n<p>L&#8217;ensemble contient:<br \/>\n&#8211; interphone sans fil FreeCom &#8211; 2 unit\u00e9s<br \/>\n&#8211; casque-micro MC-300 &#8211; 2 unit\u00e9s<br \/>\n&#8211; chargeur de bureau C2 &#8211; 1 unit\u00e9<br \/>\n&#8211; batterie Ni-MH AA everActive Silver Line 2000 &#8211; 4 unit\u00e9s<\/p>\n<p>Applications:<br \/>\n&#8211; communication dans des \u00e9quipes de production audio et vid\u00e9o<br \/>\n&#8211; communication entre magasiniers ou ouvriers de hall de production<br \/>\n&#8211; communication dans le sport, entre entra\u00eeneur et joueurs<br \/>\n&#8211; communication pendant la formation, sur le lieu de travail ou \u00e0 l&#8217;ext\u00e9rieur<br \/>\n&#8211; communication dans les services h\u00f4teliers et de restauration, sur les navires \u00e0 passagers et les attractions touristiques<br \/>\n&#8211; syst\u00e8me bidirectionnel pour visites guid\u00e9es \/ tourguide<\/p>\n<p>Caract\u00e9ristiques de l&#8217;intercom Okayo FreeCom:<br \/>\n&#8211; full duplex, jusqu&#8217;\u00e0 6 personnes peuvent communiquer en m\u00eame temps, nombre illimit\u00e9 d&#8217;intercoms par canal<br \/>\n&#8211; pas de station de base<br \/>\n&#8211; bande de fr\u00e9quences europ\u00e9enne, sans licence, 863-865 MHz<br \/>\n&#8211; modulation num\u00e9rique 4GFSK de la fr\u00e9quence transmise<br \/>\n&#8211; 7 canaux (7 groupes ind\u00e9pendants peuvent travailler dans la m\u00eame zone sans interf\u00e9rence)<br \/>\n&#8211; port\u00e9e dans la ligne de mire est sup\u00e9rieure \u00e0 100 m\u00e8tres<br \/>\n&#8211; \u00e9cran OLED \u00e0 contraste \u00e9lev\u00e9<br \/>\n&#8211; fonctionnement toute la journ\u00e9e avec un jeu de piles\/batteries<br \/>\n&#8211; possibilit\u00e9 de crypter l&#8217;acc\u00e8s aux canaux<br \/>\n&#8211; 3 fonctions de microphone (Push-To-Talk), (Push-To-Bolt), (Push-To-Mute)<br \/>\n&#8211; prise jack 3,5 mm suppl\u00e9mentaire<br \/>\n&#8211; prise casque- microphone avec mode HAC (Hearing-Aid-Compatible: compatible avec les appareils auditifs)<br \/>\n&#8211; acc\u00e8s au panneau de configuration avec de nombreuses options<\/p>\n","protected":false},"excerpt":{"rendered":"<p>Syst\u00e8me d&#8217;intercom moderne, en duplex int\u00e9gral, sans station de base. Id\u00e9al pour les producteurs et les \u00e9quipes de production audio et vid\u00e9o. Intercom de type micro-casque main libres (headset hands-free).<\/p>\n","protected":false},"featured_media":49065,"template":"","meta":{"_acf_changed":false},"product_brand":[],"product_cat":[5309],"product_tag":[],"class_list":{"0":"post-61755","1":"product","2":"type-product","3":"status-publish","4":"has-post-thumbnail","6":"product_cat-sets-dinterphone","8":"first","9":"instock","10":"taxable","11":"shipping-taxable","12":"purchasable","13":"product-type-simple"},"acf":[],"_links":{"self":[{"href":"https:\/\/mexpo.eu\/fr\/wp-json\/wp\/v2\/product\/61755","targetHints":{"allow":["GET"]}}],"collection":[{"href":"https:\/\/mexpo.eu\/fr\/wp-json\/wp\/v2\/product"}],"about":[{"href":"https:\/\/mexpo.eu\/fr\/wp-json\/wp\/v2\/types\/product"}],"wp:featuredmedia":[{"embeddable":true,"href":"https:\/\/mexpo.eu\/fr\/wp-json\/wp\/v2\/media\/49065"}],"wp:attachment":[{"href":"https:\/\/mexpo.eu\/fr\/wp-json\/wp\/v2\/media?parent=61755"}],"wp:term":[{"taxonomy":"product_brand","embeddable":true,"href":"https:\/\/mexpo.eu\/fr\/wp-json\/wp\/v2\/product_brand?post=61755"},{"taxonomy":"product_cat","embeddable":true,"href":"https:\/\/mexpo.eu\/fr\/wp-json\/wp\/v2\/product_cat?post=61755"},{"taxonomy":"product_tag","embeddable":true,"href":"https:\/\/mexpo.eu\/fr\/wp-json\/wp\/v2\/product_tag?post=61755"}],"curies":[{"name":"wp","href":"https:\/\/api.w.org\/{rel}","templated":true}]}}