{"id":61742,"date":"2025-02-17T13:13:18","date_gmt":"2025-02-17T13:13:18","guid":{"rendered":"https:\/\/mexpo.pl?post_type=product&#038;p=61742"},"modified":"2025-02-17T14:50:32","modified_gmt":"2025-02-17T14:50:32","slug":"batterie-rechargeable-panasonic-eneloop-aa-r6-2000-mah","status":"publish","type":"product","link":"https:\/\/mexpo.eu\/fr\/produkt\/batterie-rechargeable-panasonic-eneloop-aa-r6-2000-mah\/","title":{"rendered":"Batterie rechargeable Panasonic Eneloop AA (R6) 2000 mAh"},"content":{"rendered":"","protected":false},"excerpt":{"rendered":"<p>Eneloop est une batterie longue dur\u00e9e, pr\u00e9charg\u00e9e. Cela permet d&#8217;\u00e9conomiser de l&#8217;\u00e9nergie et de l&#8217;argent. Il peut d\u00e9sormais \u00eatre charg\u00e9 et d\u00e9charg\u00e9 jusqu&#8217;\u00e0 2 100 fois. Batterie nickel-hydrure m\u00e9tallique, capacit\u00e9 typique : 2000 mAh.<\/p>\n","protected":false},"featured_media":48829,"template":"","meta":{"_acf_changed":false},"product_brand":[],"product_cat":[5934,5984],"product_tag":[],"class_list":{"0":"post-61742","1":"product","2":"type-product","3":"status-publish","4":"has-post-thumbnail","6":"product_cat-piles-et-piles-rechargeables","7":"product_cat-piles-et-piles-rechargeables-fr","9":"first","10":"instock","11":"taxable","12":"shipping-taxable","13":"purchasable","14":"product-type-variable"},"acf":[],"_links":{"self":[{"href":"https:\/\/mexpo.eu\/fr\/wp-json\/wp\/v2\/product\/61742","targetHints":{"allow":["GET"]}}],"collection":[{"href":"https:\/\/mexpo.eu\/fr\/wp-json\/wp\/v2\/product"}],"about":[{"href":"https:\/\/mexpo.eu\/fr\/wp-json\/wp\/v2\/types\/product"}],"wp:featuredmedia":[{"embeddable":true,"href":"https:\/\/mexpo.eu\/fr\/wp-json\/wp\/v2\/media\/48829"}],"wp:attachment":[{"href":"https:\/\/mexpo.eu\/fr\/wp-json\/wp\/v2\/media?parent=61742"}],"wp:term":[{"taxonomy":"product_brand","embeddable":true,"href":"https:\/\/mexpo.eu\/fr\/wp-json\/wp\/v2\/product_brand?post=61742"},{"taxonomy":"product_cat","embeddable":true,"href":"https:\/\/mexpo.eu\/fr\/wp-json\/wp\/v2\/product_cat?post=61742"},{"taxonomy":"product_tag","embeddable":true,"href":"https:\/\/mexpo.eu\/fr\/wp-json\/wp\/v2\/product_tag?post=61742"}],"curies":[{"name":"wp","href":"https:\/\/api.w.org\/{rel}","templated":true}]}}