{"id":61737,"date":"2025-02-17T13:13:18","date_gmt":"2025-02-17T13:13:18","guid":{"rendered":"https:\/\/mexpo.pl?post_type=product&#038;p=61737"},"modified":"2025-02-17T14:50:28","modified_gmt":"2025-02-17T14:50:28","slug":"piles-aa-r6-maxell-480-unites","status":"publish","type":"product","link":"https:\/\/mexpo.eu\/fr\/produkt\/piles-aa-r6-maxell-480-unites\/","title":{"rendered":"Piles AA (R6) MAXELL (480 unit\u00e9s)"},"content":{"rendered":"<p>Date d\u2019expiration minimale: 2025<\/p>\n<p>Sp\u00e9cifications techniques:<br \/>\n&#8211; tension [V]: 1.5<br \/>\n&#8211; mod\u00e8le: LR6\/AA<br \/>\n&#8211; type: AA<br \/>\n&#8211; tension [V]: 1.5<br \/>\n&#8211; diam\u00e8tre [mm]: 14.5<br \/>\n&#8211; auteur [mm]: 50.5<br \/>\n&#8211; autres d\u00e9signations: LR6 \/ AA \/ R6 \/ MN 1500 \/ Mignon \/ AM3 \/ E91 \/ Stilo<\/p>\n","protected":false},"excerpt":{"rendered":"<p>Pile alcaline LR6\/AA d&#8217;une capacit\u00e9 de 2600mAh. Con\u00e7u pour fournir une fiabilit\u00e9 et des performances durables \u00e0 haute et basse consommation.<\/p>\n","protected":false},"featured_media":48821,"template":"","meta":{"_acf_changed":false},"product_brand":[],"product_cat":[5934,5984],"product_tag":[],"class_list":{"0":"post-61737","1":"product","2":"type-product","3":"status-publish","4":"has-post-thumbnail","6":"product_cat-piles-et-piles-rechargeables","7":"product_cat-piles-et-piles-rechargeables-fr","8":"product_shipping_class-baterie-8","10":"first","11":"instock","12":"taxable","13":"shipping-taxable","14":"purchasable","15":"product-type-simple"},"acf":[],"_links":{"self":[{"href":"https:\/\/mexpo.eu\/fr\/wp-json\/wp\/v2\/product\/61737","targetHints":{"allow":["GET"]}}],"collection":[{"href":"https:\/\/mexpo.eu\/fr\/wp-json\/wp\/v2\/product"}],"about":[{"href":"https:\/\/mexpo.eu\/fr\/wp-json\/wp\/v2\/types\/product"}],"wp:featuredmedia":[{"embeddable":true,"href":"https:\/\/mexpo.eu\/fr\/wp-json\/wp\/v2\/media\/48821"}],"wp:attachment":[{"href":"https:\/\/mexpo.eu\/fr\/wp-json\/wp\/v2\/media?parent=61737"}],"wp:term":[{"taxonomy":"product_brand","embeddable":true,"href":"https:\/\/mexpo.eu\/fr\/wp-json\/wp\/v2\/product_brand?post=61737"},{"taxonomy":"product_cat","embeddable":true,"href":"https:\/\/mexpo.eu\/fr\/wp-json\/wp\/v2\/product_cat?post=61737"},{"taxonomy":"product_tag","embeddable":true,"href":"https:\/\/mexpo.eu\/fr\/wp-json\/wp\/v2\/product_tag?post=61737"}],"curies":[{"name":"wp","href":"https:\/\/api.w.org\/{rel}","templated":true}]}}