{"id":61702,"date":"2025-02-17T13:14:38","date_gmt":"2025-02-17T13:14:38","guid":{"rendered":"https:\/\/mexpo.pl?post_type=product&#038;p=61702"},"modified":"2026-02-19T10:10:13","modified_gmt":"2026-02-19T09:10:13","slug":"systeme-de-visite-guidee-okayo-wt-300d-m-502","status":"publish","type":"product","link":"https:\/\/mexpo.eu\/fr\/produkt\/systeme-de-visite-guidee-okayo-wt-300d-m-502\/","title":{"rendered":"Syst\u00e8me de visite guid\u00e9e &#8211; Okayo WT-300D | M (50+2)"},"content":{"rendered":"<p><strong>L&#8217;ensemble comprend:<\/strong><br \/>\n&#8211; 50 r\u00e9cepteurs<br \/>\n&#8211; 2 \u00e9metteurs<br \/>\n&#8211; 50 \u00e9couteurs SH<br \/>\n&#8211; 2 microphones LM<br \/>\n&#8211; fixation par cordon<br \/>\n&#8211; 50 cordons hygi\u00e9niques<br \/>\n&#8211; sac TBX-2: 2 pi\u00e8ces<\/p>\n<p><strong>Le mod\u00e8le num\u00e9rique WT-300D (r\u00e9cepteurs violets, \u00e9metteurs turquoise) n&#8217;est pas compatible avec les anciennes g\u00e9n\u00e9rations analogiques de ce mod\u00e8le (r\u00e9cepteurs rouges, \u00e9metteurs bleus). L&#8217;incompatibilit\u00e9 n&#8217;est pas un motif de r\u00e9clamation ou de retour de marchandise.<\/strong><\/p>\n<p><strong>La couleur du sac sur la photo est un exemple. Demandez les couleurs disponibles.<\/strong><\/p>\n<p>Okayo WT-300 est un mod\u00e8le culte. C\u2019est la meilleure fa\u00e7on de le d\u00e9crire. Les r\u00e9cepteurs rouges accompagnent les guides et les touristes dans toute l&#8217;Europe depuis plus de 10 ans. Ils ont gagn\u00e9 un grand nombre de fans enthousiastes gr\u00e2ce \u00e0 leurs excellents param\u00e8tres, tels que la port\u00e9e, l&#8217;autonomie, le bo\u00eetier robuste et l&#8217;utilisation tr\u00e8s simple.<\/p>\n<p><strong>Toutes les bonnes choses ont une fin&#8230;. pour laisser place \u00e0 quelque chose de meilleur !<\/strong><\/p>\n<p>La nouvelle g\u00e9n\u00e9ration num\u00e9rique\u00a0: le mod\u00e8le Okayo WT-300D (num\u00e9rique).<\/p>\n<p>Gr\u00e2ce au passage \u00e0 la transmission num\u00e9rique, nous pouvons non seulement proposer un prix plus avantageux par rapport aux anciennes versions analogiques (les pi\u00e8ces pour les syst\u00e8mes analogiques ne sont plus fabriqu\u00e9es et leur prix augmente donc), mais surtout une nouvelle fonction &#8211; jusqu&#8217;alors inaccessible &#8211; le changement de canal \u00e0 distance sur les r\u00e9cepteurs. De plus, les r\u00e9cepteurs Okayo WT-300 D <strong>sont \u00e9quip\u00e9s de la fonction HAC (<em>Hearing Aid Compatible<\/em>)<\/strong>, ce qui les rend compatibles avec les appareils auditifs.<\/p>\n<p><strong>Moins signifie plus<\/strong><\/p>\n<p>Le mod\u00e8le Okayo WT-300D dispose de 25 canaux&#8230; Cependant, en fin de compte, ce n&#8217;est pas moins par rapport \u00e0 la g\u00e9n\u00e9ration pr\u00e9c\u00e9dente.<\/p>\n<p>Le nouveau Okayo WT-300 num\u00e9rique dispose de plus de canaux disponibles pour une utilisation simultan\u00e9e que son pr\u00e9d\u00e9cesseur analogique. Jusqu&#8217;\u00e0 25 groupes peuvent \u00eatre guid\u00e9s simultan\u00e9ment sur des canaux distincts dans la m\u00eame zone limit\u00e9e (jusqu&#8217;\u00e0 10 groupes sur le mod\u00e8le analogique). Cela signifie que la probabilit\u00e9 d&#8217;interf\u00e9rences caus\u00e9es par d&#8217;autres groupes utilisant le m\u00eame mod\u00e8le dans des lieux touristiques populaires est encore plus faible.<\/p>\n<p><strong>Avantages du nouveau mod\u00e8le<\/strong><\/p>\n<p>Okayo WT-300D peut se pr\u00e9valoir des avantages d\u00e9j\u00e0 connus, tels qu&#8217;une bonne port\u00e9e et une autonomie encore plus longue par rapport au mod\u00e8le analogique pr\u00e9c\u00e9dent. Avec une charge ou un changement de batterie, le r\u00e9cepteur fonctionnera pendant plus de 35 heures, soit 10 heures de plus que la version pr\u00e9c\u00e9dente.<\/p>\n<p>Le bo\u00eetier du WT-300D n&#8217;a pas chang\u00e9 \u00e0 l&#8217;exception &#8230; de la couleur. Il s&#8217;agit toujours du mat\u00e9riau ABS \u00e9prouv\u00e9, r\u00e9sistant non seulement aux fissures, mais aussi aux rayures mineures, de plus il se distingue par sa couleur inhabituelle et originale.<\/p>\n<p>L&#8217;\u00e9metteur est dot\u00e9 d&#8217;un microphone int\u00e9gr\u00e9, au cas o\u00f9 vous perdriez votre microphone externe pr\u00e9f\u00e9r\u00e9, par exemple le mod\u00e8le LM-90 ou HM-65.<\/p>\n<p><strong>Tous les accessoires existants, y compris les chargeurs Okayo HDC-300, fonctionnent avec le nouveau Okayo WT-300D.<\/strong><\/p>\n<p><strong>Garantie: 3 ans<\/strong><\/p>\n","protected":false},"excerpt":{"rendered":"<p>Okayo WT-300D &#8211; un nouveau syst\u00e8me de guidage touristique num\u00e9rique de Okayo Electronics. Une version num\u00e9rique contemporaine de la solution de guidage touristique l\u00e9gendaire avec de nouvelles fonctionnalit\u00e9s pratiques.<\/p>\n<p><a href=\"https:\/\/mguide.eu\/wp-content\/uploads\/2024\/08\/FR-Nano-Blitz-baner.png\"><img loading=\"lazy\" decoding=\"async\" class=\"alignnone size-full wp-image-45232\" src=\"https:\/\/mguide.eu\/wp-content\/uploads\/2024\/08\/FR-Nano-Blitz-baner.png\" alt=\"\" width=\"630\" height=\"120\" \/><\/a><\/p>\n<p><span style=\"color: #ff0000;\"><strong>Attention ! Temps d&#8217;attente prolong\u00e9. Prochaine livraison pr\u00e9vue : 06\/03\/2026.<\/strong><\/span><\/p>\n<div id=\"gtx-trans\" style=\"position: absolute; left: -620px; top: -10px;\">\n<div class=\"gtx-trans-icon\">\u00a0<\/div>\n<\/div>\n","protected":false},"featured_media":65470,"template":"","meta":{"_acf_changed":false},"product_brand":[],"product_cat":[5175],"product_tag":[],"class_list":{"0":"post-61702","1":"product","2":"type-product","3":"status-publish","4":"has-post-thumbnail","6":"product_cat-sets-tour-guide","8":"first","9":"instock","10":"taxable","11":"shipping-taxable","12":"purchasable","13":"product-type-simple"},"acf":[],"_links":{"self":[{"href":"https:\/\/mexpo.eu\/fr\/wp-json\/wp\/v2\/product\/61702","targetHints":{"allow":["GET"]}}],"collection":[{"href":"https:\/\/mexpo.eu\/fr\/wp-json\/wp\/v2\/product"}],"about":[{"href":"https:\/\/mexpo.eu\/fr\/wp-json\/wp\/v2\/types\/product"}],"wp:featuredmedia":[{"embeddable":true,"href":"https:\/\/mexpo.eu\/fr\/wp-json\/wp\/v2\/media\/65470"}],"wp:attachment":[{"href":"https:\/\/mexpo.eu\/fr\/wp-json\/wp\/v2\/media?parent=61702"}],"wp:term":[{"taxonomy":"product_brand","embeddable":true,"href":"https:\/\/mexpo.eu\/fr\/wp-json\/wp\/v2\/product_brand?post=61702"},{"taxonomy":"product_cat","embeddable":true,"href":"https:\/\/mexpo.eu\/fr\/wp-json\/wp\/v2\/product_cat?post=61702"},{"taxonomy":"product_tag","embeddable":true,"href":"https:\/\/mexpo.eu\/fr\/wp-json\/wp\/v2\/product_tag?post=61702"}],"curies":[{"name":"wp","href":"https:\/\/api.w.org\/{rel}","templated":true}]}}