{"id":61671,"date":"2025-02-17T13:14:17","date_gmt":"2025-02-17T13:14:17","guid":{"rendered":"https:\/\/mexpo.pl?post_type=product&#038;p=61671"},"modified":"2025-02-17T14:51:15","modified_gmt":"2025-02-17T14:51:15","slug":"chargeur-hdc-324","status":"publish","type":"product","link":"https:\/\/mexpo.eu\/fr\/produkt\/chargeur-hdc-324\/","title":{"rendered":"Chargeur HDC-324"},"content":{"rendered":"<p>Bo\u00eetier de chargement \u00e0 24 emplacements. D\u00e9di\u00e9 \u00e0 Okayo WT-350 et WT-350D.<\/p>\n","protected":false},"excerpt":{"rendered":"<p>Chargeur de valise d\u00e9di\u00e9, portable, pour le mod\u00e8les Okayo WT-350 et WT-350D, con\u00e7u pour 24 appareils. Couvercle amovible du bo\u00eetier.<\/p>\n","protected":false},"featured_media":48899,"template":"","meta":{"_acf_changed":false},"product_brand":[],"product_cat":[5177],"product_tag":[],"class_list":{"0":"post-61671","1":"product","2":"type-product","3":"status-publish","4":"has-post-thumbnail","6":"product_cat-chargeurs","8":"first","9":"instock","10":"taxable","11":"shipping-taxable","12":"purchasable","13":"product-type-simple"},"acf":[],"_links":{"self":[{"href":"https:\/\/mexpo.eu\/fr\/wp-json\/wp\/v2\/product\/61671","targetHints":{"allow":["GET"]}}],"collection":[{"href":"https:\/\/mexpo.eu\/fr\/wp-json\/wp\/v2\/product"}],"about":[{"href":"https:\/\/mexpo.eu\/fr\/wp-json\/wp\/v2\/types\/product"}],"wp:featuredmedia":[{"embeddable":true,"href":"https:\/\/mexpo.eu\/fr\/wp-json\/wp\/v2\/media\/48899"}],"wp:attachment":[{"href":"https:\/\/mexpo.eu\/fr\/wp-json\/wp\/v2\/media?parent=61671"}],"wp:term":[{"taxonomy":"product_brand","embeddable":true,"href":"https:\/\/mexpo.eu\/fr\/wp-json\/wp\/v2\/product_brand?post=61671"},{"taxonomy":"product_cat","embeddable":true,"href":"https:\/\/mexpo.eu\/fr\/wp-json\/wp\/v2\/product_cat?post=61671"},{"taxonomy":"product_tag","embeddable":true,"href":"https:\/\/mexpo.eu\/fr\/wp-json\/wp\/v2\/product_tag?post=61671"}],"curies":[{"name":"wp","href":"https:\/\/api.w.org\/{rel}","templated":true}]}}