{"id":61664,"date":"2025-02-17T13:14:16","date_gmt":"2025-02-17T13:14:16","guid":{"rendered":"https:\/\/mexpo.pl?post_type=product&#038;p=61664"},"modified":"2025-06-12T13:10:56","modified_gmt":"2025-06-12T13:10:56","slug":"chargeur-hdc-300","status":"publish","type":"product","link":"https:\/\/mexpo.eu\/fr\/produkt\/chargeur-hdc-300\/","title":{"rendered":"Chargeur HDC-300"},"content":{"rendered":"<p>Bo\u00eetier de chargement \u00e0 24 emplacements. D\u00e9di\u00e9 pour Okayo WT-300D.<\/p>\n","protected":false},"excerpt":{"rendered":"<p>Bo\u00eetier de chargement \u00e0 24 emplacements. D\u00e9di\u00e9 pour Okayo WT-300D.<br \/>\n<span style=\"color: #ff0000;\">Le d\u00e9lai de livraison de ce produit est actuellement prolong\u00e9.<\/span><\/p>\n","protected":false},"featured_media":48895,"template":"","meta":{"_acf_changed":false},"product_brand":[],"product_cat":[5177],"product_tag":[],"class_list":{"0":"post-61664","1":"product","2":"type-product","3":"status-publish","4":"has-post-thumbnail","6":"product_cat-chargeurs","8":"first","9":"instock","10":"taxable","11":"shipping-taxable","12":"purchasable","13":"product-type-simple"},"acf":[],"_links":{"self":[{"href":"https:\/\/mexpo.eu\/fr\/wp-json\/wp\/v2\/product\/61664","targetHints":{"allow":["GET"]}}],"collection":[{"href":"https:\/\/mexpo.eu\/fr\/wp-json\/wp\/v2\/product"}],"about":[{"href":"https:\/\/mexpo.eu\/fr\/wp-json\/wp\/v2\/types\/product"}],"wp:featuredmedia":[{"embeddable":true,"href":"https:\/\/mexpo.eu\/fr\/wp-json\/wp\/v2\/media\/48895"}],"wp:attachment":[{"href":"https:\/\/mexpo.eu\/fr\/wp-json\/wp\/v2\/media?parent=61664"}],"wp:term":[{"taxonomy":"product_brand","embeddable":true,"href":"https:\/\/mexpo.eu\/fr\/wp-json\/wp\/v2\/product_brand?post=61664"},{"taxonomy":"product_cat","embeddable":true,"href":"https:\/\/mexpo.eu\/fr\/wp-json\/wp\/v2\/product_cat?post=61664"},{"taxonomy":"product_tag","embeddable":true,"href":"https:\/\/mexpo.eu\/fr\/wp-json\/wp\/v2\/product_tag?post=61664"}],"curies":[{"name":"wp","href":"https:\/\/api.w.org\/{rel}","templated":true}]}}