{"id":61639,"date":"2025-02-17T13:13:57","date_gmt":"2025-02-17T13:13:57","guid":{"rendered":"https:\/\/mexpo.pl?post_type=product&#038;p=61639"},"modified":"2025-02-17T14:50:54","modified_gmt":"2025-02-17T14:50:54","slug":"sacoche-de-transport-cb-48","status":"publish","type":"product","link":"https:\/\/mexpo.eu\/fr\/produkt\/sacoche-de-transport-cb-48\/","title":{"rendered":"Sacoche de transport CB-48"},"content":{"rendered":"<p>Sac de transport tr\u00e8s l\u00e9ger pour 48 appareils mGuide DLR-01.<\/p>\n","protected":false},"excerpt":{"rendered":"<p>Sac de transport tr\u00e8s l\u00e9ger pour 48 pi\u00e8ces d&#8217;appareils mGuide DLR-01. Sac de kit de guide touristique, noir. Compatibilit\u00e9 mGuide DLR-01.<\/p>\n","protected":false},"featured_media":48857,"template":"","meta":{"_acf_changed":false},"product_brand":[],"product_cat":[5178],"product_tag":[],"class_list":{"0":"post-61639","1":"product","2":"type-product","3":"status-publish","4":"has-post-thumbnail","6":"product_cat-sacoches-et-valises-de-transport","8":"first","9":"instock","10":"taxable","11":"shipping-taxable","12":"purchasable","13":"product-type-simple"},"acf":[],"_links":{"self":[{"href":"https:\/\/mexpo.eu\/fr\/wp-json\/wp\/v2\/product\/61639","targetHints":{"allow":["GET"]}}],"collection":[{"href":"https:\/\/mexpo.eu\/fr\/wp-json\/wp\/v2\/product"}],"about":[{"href":"https:\/\/mexpo.eu\/fr\/wp-json\/wp\/v2\/types\/product"}],"wp:featuredmedia":[{"embeddable":true,"href":"https:\/\/mexpo.eu\/fr\/wp-json\/wp\/v2\/media\/48857"}],"wp:attachment":[{"href":"https:\/\/mexpo.eu\/fr\/wp-json\/wp\/v2\/media?parent=61639"}],"wp:term":[{"taxonomy":"product_brand","embeddable":true,"href":"https:\/\/mexpo.eu\/fr\/wp-json\/wp\/v2\/product_brand?post=61639"},{"taxonomy":"product_cat","embeddable":true,"href":"https:\/\/mexpo.eu\/fr\/wp-json\/wp\/v2\/product_cat?post=61639"},{"taxonomy":"product_tag","embeddable":true,"href":"https:\/\/mexpo.eu\/fr\/wp-json\/wp\/v2\/product_tag?post=61639"}],"curies":[{"name":"wp","href":"https:\/\/api.w.org\/{rel}","templated":true}]}}