{"id":61599,"date":"2025-02-17T13:13:37","date_gmt":"2025-02-17T13:13:37","guid":{"rendered":"https:\/\/mexpo.pl?post_type=product&#038;p=61599"},"modified":"2025-06-26T13:05:31","modified_gmt":"2025-06-26T13:05:31","slug":"connecteur-de-laniere-jetable-et-lavable-50-unites","status":"publish","type":"product","link":"https:\/\/mexpo.eu\/fr\/produkt\/connecteur-de-laniere-jetable-et-lavable-50-unites\/","title":{"rendered":"Connecteur de lani\u00e8re pour laisses hygi\u00e9niques (ZK) (50 unit\u00e9s)"},"content":{"rendered":"<p>Syst\u00e8me de fixation pratique pour laisses hygi\u00e9niques. Ce syst\u00e8me se compose d\u2019une boucle permettant de fixer le dispositif \u00e0 porter en laisse et d\u2019un mousqueton permettant d\u2019accrocher la boucle.<\/p>\n","protected":false},"excerpt":{"rendered":"<p>Syst\u00e8me de fixation pratique pour laisses hygi\u00e9niques. L\u2019attache se compose de \u00ab\u00a0moustaches\u00a0\u00bb ou de boucles permettant de fixer l\u2019appareil. Conditionnement\u00a0: 50\u00a0pi\u00e8ces.<\/p>\n","protected":false},"featured_media":48847,"template":"","meta":{"_acf_changed":false},"product_brand":[],"product_cat":[5189,5185],"product_tag":[],"class_list":{"0":"post-61599","1":"product","2":"type-product","3":"status-publish","4":"has-post-thumbnail","6":"product_cat-cordons-tour-de-cou","7":"product_cat-hygiene-fr","9":"first","10":"instock","11":"taxable","12":"shipping-taxable","13":"purchasable","14":"product-type-simple"},"acf":[],"_links":{"self":[{"href":"https:\/\/mexpo.eu\/fr\/wp-json\/wp\/v2\/product\/61599","targetHints":{"allow":["GET"]}}],"collection":[{"href":"https:\/\/mexpo.eu\/fr\/wp-json\/wp\/v2\/product"}],"about":[{"href":"https:\/\/mexpo.eu\/fr\/wp-json\/wp\/v2\/types\/product"}],"wp:featuredmedia":[{"embeddable":true,"href":"https:\/\/mexpo.eu\/fr\/wp-json\/wp\/v2\/media\/48847"}],"wp:attachment":[{"href":"https:\/\/mexpo.eu\/fr\/wp-json\/wp\/v2\/media?parent=61599"}],"wp:term":[{"taxonomy":"product_brand","embeddable":true,"href":"https:\/\/mexpo.eu\/fr\/wp-json\/wp\/v2\/product_brand?post=61599"},{"taxonomy":"product_cat","embeddable":true,"href":"https:\/\/mexpo.eu\/fr\/wp-json\/wp\/v2\/product_cat?post=61599"},{"taxonomy":"product_tag","embeddable":true,"href":"https:\/\/mexpo.eu\/fr\/wp-json\/wp\/v2\/product_tag?post=61599"}],"curies":[{"name":"wp","href":"https:\/\/api.w.org\/{rel}","templated":true}]}}