{"id":61581,"date":"2025-02-17T13:13:21","date_gmt":"2025-02-17T13:13:21","guid":{"rendered":"https:\/\/mexpo.pl?post_type=product&#038;p=61581"},"modified":"2026-04-24T12:22:22","modified_gmt":"2026-04-24T10:22:22","slug":"lanieres-lavables-en-machine-sdp","status":"publish","type":"product","link":"https:\/\/mexpo.eu\/fr\/produkt\/lanieres-lavables-en-machine-sdp\/","title":{"rendered":"Lani\u00e8res hygi\u00e9niques"},"content":{"rendered":"<p>La dragonne hygi\u00e9nique fait partie de notre\u00a0<b>syst\u00e8me de dragonne exclusif<\/b>, compos\u00e9 d\u2019une\u00a0<b>boucle en coton<\/b>\u00a0et d\u2019un\u00a0<b>mousqueton<\/b>. L\u2019\u00e9l\u00e9ment principal du syst\u00e8me est la dragonne hygi\u00e9nique sous la forme d\u2019une\u00a0<b>boucle en coton<\/b>. Gr\u00e2ce \u00e0 l\u2019utilisation de coton, la dragonne est\u00a0<b>confortable<\/b>\u00a0et plus agr\u00e9able \u00e0 utiliser. La dragonne hygi\u00e9nique peut \u00eatre\u00a0<b>lav\u00e9e<\/b>, ce qui facilite son entretien. Alternativement, la boucle peut \u00eatre facilement\u00a0<b>d\u00e9tach\u00e9e du clip et jet\u00e9e<\/b>, en conservant le mousqueton pour une r\u00e9utilisation avec une nouvelle boucle.<\/p>\n<p><strong>Pourquoi choisir la dragonne hygi\u00e9nique ?<\/strong><\/p>\n<ul>\n<li><b>Confort d\u2019utilisation toute la journ\u00e9e :<\/b>\u00a0La construction en coton de la dragonne offre un confort de port nettement sup\u00e9rieur \u00e0 celui des dragonnes en polyester. Le coton est plus doux et plus respirant, ce qui se traduit par un plus grand confort d\u2019utilisation lors d\u2019excursions de plusieurs heures.<\/li>\n<li><b>Hygi\u00e8ne et facilit\u00e9 d\u2019entretien :<\/b>\u00a0La possibilit\u00e9 de laver la boucle en coton est un grand avantage dans l\u2019industrie du tourisme. Les dragonnes sont expos\u00e9es \u00e0 la sueur, \u00e0 la poussi\u00e8re et \u00e0 d\u2019autres salissures lors d\u2019une utilisation intensive dans diverses conditions. Un lavage r\u00e9gulier assure un niveau d\u2019hygi\u00e8ne \u00e9lev\u00e9, ce qui est important tant pour l\u2019image du guide que pour le confort du touriste.<\/li>\n<li><b>Remplacement rapide en cas de besoin :<\/b>\u00a0Le syst\u00e8me unique de d\u00e9tachement de la boucle permet un remplacement rapide de la dragonne. En cas de salissure importante, de dommage, ou simplement de la n\u00e9cessit\u00e9 de changer rapidement pour une dragonne propre, l\u2019ancienne boucle peut \u00eatre facilement d\u00e9tach\u00e9e et remplac\u00e9e par une nouvelle, sans avoir \u00e0 d\u00e9monter l\u2019ensemble du clip de l\u2019appareil tourguide. Cela permet de gagner du temps et est pratique dans un environnement de travail dynamique.<\/li>\n<li><b>Rentabilit\u00e9 et d\u00e9veloppement durable :<\/b>\u00a0Gr\u00e2ce \u00e0 la possibilit\u00e9 de remplacer uniquement la boucle en coton, les guides n\u2019ont pas besoin d\u2019acheter un ensemble complet de dragonnes \u00e0 chaque fois que la boucle est us\u00e9e. Il suffit d\u2019acheter uniquement les boucles, ce qui est plus \u00e9conomique et \u00e9cologique, r\u00e9duisant la quantit\u00e9 de d\u00e9chets g\u00e9n\u00e9r\u00e9s. Cela est \u00e9galement conforme \u00e0 l\u2019esprit de d\u00e9veloppement durable, ce qui peut \u00eatre un atout pour les entreprises touristiques.<\/li>\n<li><b>Apparence professionnelle :<\/b>\u00a0Une dragonne propre et bien entretenue est un \u00e9l\u00e9ment de l\u2019image professionnelle d\u2019un guide. Le syst\u00e8me de lavage et de remplacement facile de la boucle permet de toujours se pr\u00e9senter impeccablement, ce qui influence la perception des touristes et renforce la confiance.<\/li>\n<\/ul>\n","protected":false},"excerpt":{"rendered":"<p>La dragonne pour appareils tourguide sous forme de boucle en coton, \u00e0 utiliser avec le clip \u201cZK\u201d (\u00e0 acheter s\u00e9par\u00e9ment). La boucle est disponible en jaune et est fabriqu\u00e9e en coton naturel et doux. Elle ne contient aucun \u00e9l\u00e9ment en plastique, elle peut donc \u00eatre lav\u00e9e, ce qui facilite son entretien. Emballages disponibles : 50 pi\u00e8ces et 1000 pi\u00e8ces.<\/p>\n","protected":false},"featured_media":48841,"template":"","meta":{"_acf_changed":false},"product_brand":[],"product_cat":[5189,5185],"product_tag":[],"class_list":{"0":"post-61581","1":"product","2":"type-product","3":"status-publish","4":"has-post-thumbnail","6":"product_cat-cordons-tour-de-cou","7":"product_cat-hygiene-fr","9":"first","10":"instock","11":"taxable","12":"shipping-taxable","13":"purchasable","14":"product-type-variable"},"acf":[],"_links":{"self":[{"href":"https:\/\/mexpo.eu\/fr\/wp-json\/wp\/v2\/product\/61581","targetHints":{"allow":["GET"]}}],"collection":[{"href":"https:\/\/mexpo.eu\/fr\/wp-json\/wp\/v2\/product"}],"about":[{"href":"https:\/\/mexpo.eu\/fr\/wp-json\/wp\/v2\/types\/product"}],"wp:featuredmedia":[{"embeddable":true,"href":"https:\/\/mexpo.eu\/fr\/wp-json\/wp\/v2\/media\/48841"}],"wp:attachment":[{"href":"https:\/\/mexpo.eu\/fr\/wp-json\/wp\/v2\/media?parent=61581"}],"wp:term":[{"taxonomy":"product_brand","embeddable":true,"href":"https:\/\/mexpo.eu\/fr\/wp-json\/wp\/v2\/product_brand?post=61581"},{"taxonomy":"product_cat","embeddable":true,"href":"https:\/\/mexpo.eu\/fr\/wp-json\/wp\/v2\/product_cat?post=61581"},{"taxonomy":"product_tag","embeddable":true,"href":"https:\/\/mexpo.eu\/fr\/wp-json\/wp\/v2\/product_tag?post=61581"}],"curies":[{"name":"wp","href":"https:\/\/api.w.org\/{rel}","templated":true}]}}